{"id":992,"date":"2016-12-19T13:42:11","date_gmt":"2016-12-19T12:42:11","guid":{"rendered":"https:\/\/www.ibizaforwedding.com\/wedding-banqueting\/"},"modified":"2025-03-22T18:00:00","modified_gmt":"2025-03-22T17:00:00","slug":"huwelijksbanket-ibiza-trouwen-villa-restaurant","status":"publish","type":"page","link":"https:\/\/www.ibizaforwedding.com\/nl\/huwelijksbanket-ibiza-trouwen-villa-restaurant\/","title":{"rendered":"Huwelijksbanket Ibiza  &#8211; Trouwen in Villa of Restaurant"},"content":{"rendered":"<p>[et_pb_section fb_built=&#8221;1&#8243; specialty=&#8221;on&#8221; custom_padding_last_edited=&#8221;on|phone&#8221; padding_top_1=&#8221;0px&#8221; padding_top_2=&#8221;0px&#8221; padding_bottom_1=&#8221;0px&#8221; padding_bottom_2=&#8221;0px&#8221; _builder_version=&#8221;4.16&#8243; background_color=&#8221;#ffffff&#8221; inner_width_tablet=&#8221;50px&#8221; inner_max_width_tablet=&#8221;50px&#8221; custom_margin=&#8221;3%||0%|&#8221; custom_margin_tablet=&#8221;&#8221; custom_margin_phone=&#8221;0%||&#8221; custom_margin_last_edited=&#8221;on|desktop&#8221; custom_padding=&#8221;||0px|||&#8221; custom_padding_tablet=&#8221;100px|0px|100px|0px&#8221; custom_padding_phone=&#8221;0px|0px|0px|0px|false|false&#8221; z_index_tablet=&#8221;500&#8243; global_colors_info=&#8221;{}&#8221;][et_pb_column type=&#8221;1_2&#8243; specialty_columns=&#8221;3&#8243; _builder_version=&#8221;4.16&#8243; custom_padding=&#8221;|||&#8221; global_colors_info=&#8221;{}&#8221; custom_padding__hover=&#8221;|||&#8221;][et_pb_row_inner module_class=&#8221;lovely_medium_shadow_background&#8221; _builder_version=&#8221;4.16&#8243; background_size=&#8221;initial&#8221; background_position=&#8221;top_left&#8221; background_repeat=&#8221;repeat&#8221; custom_margin_tablet=&#8221;100px|||&#8221; custom_margin_phone=&#8221;&#8221; custom_margin_last_edited=&#8221;on|phone&#8221; custom_padding=&#8221;0|0px|0|0px|true|false&#8221; border_width_all=&#8221;3px&#8221; border_color_all=&#8221;#ffffff&#8221; border_style_all=&#8221;solid&#8221; global_colors_info=&#8221;{}&#8221; button_text_size__hover_enabled=&#8221;off&#8221; button_text_size__hover=&#8221;null&#8221; button_one_text_size__hover_enabled=&#8221;off&#8221; button_one_text_size__hover=&#8221;null&#8221; button_two_text_size__hover_enabled=&#8221;off&#8221; button_two_text_size__hover=&#8221;null&#8221; button_text_color__hover_enabled=&#8221;on&#8221; button_text_color__hover=&#8221;#ffffff&#8221; button_one_text_color__hover_enabled=&#8221;off&#8221; button_one_text_color__hover=&#8221;null&#8221; button_two_text_color__hover_enabled=&#8221;off&#8221; button_two_text_color__hover=&#8221;null&#8221; button_border_width__hover_enabled=&#8221;off&#8221; button_border_width__hover=&#8221;null&#8221; button_one_border_width__hover_enabled=&#8221;off&#8221; button_one_border_width__hover=&#8221;null&#8221; button_two_border_width__hover_enabled=&#8221;off&#8221; button_two_border_width__hover=&#8221;null&#8221; button_border_color__hover_enabled=&#8221;off&#8221; button_border_color__hover=&#8221;null&#8221; button_one_border_color__hover_enabled=&#8221;off&#8221; button_one_border_color__hover=&#8221;null&#8221; button_two_border_color__hover_enabled=&#8221;off&#8221; button_two_border_color__hover=&#8221;null&#8221; button_border_radius__hover_enabled=&#8221;on&#8221; button_border_radius__hover=&#8221;0&#8243; button_one_border_radius__hover_enabled=&#8221;off&#8221; button_one_border_radius__hover=&#8221;null&#8221; button_two_border_radius__hover_enabled=&#8221;off&#8221; button_two_border_radius__hover=&#8221;null&#8221; button_letter_spacing__hover_enabled=&#8221;off&#8221; button_letter_spacing__hover=&#8221;null&#8221; button_one_letter_spacing__hover_enabled=&#8221;off&#8221; button_one_letter_spacing__hover=&#8221;null&#8221; button_two_letter_spacing__hover_enabled=&#8221;off&#8221; button_two_letter_spacing__hover=&#8221;null&#8221; button_bg_color__hover_enabled=&#8221;on&#8221; button_bg_color__hover=&#8221;#000000&#8243; button_one_bg_color__hover_enabled=&#8221;off&#8221; button_one_bg_color__hover=&#8221;null&#8221; button_two_bg_color__hover_enabled=&#8221;off&#8221; button_two_bg_color__hover=&#8221;null&#8221;][et_pb_column_inner saved_specialty_column_type=&#8221;1_2&#8243; _builder_version=&#8221;4.16&#8243; custom_padding=&#8221;|||&#8221; global_colors_info=&#8221;{}&#8221; custom_padding__hover=&#8221;|||&#8221;][et_pb_image src=&#8221;https:\/\/www.ibizaforwedding.com\/wp-content\/uploads\/2025\/03\/Ibiza_Wedding_Reception_2022.jpg&#8221; alt=&#8221;Wedding Table Setup&#8221; title_text=&#8221;Ibiza_Wedding_Reception_2022&#8243; align_tablet=&#8221;center&#8221; align_phone=&#8221;&#8221; align_last_edited=&#8221;on|desktop&#8221; admin_label=&#8221;Image &#8211; 600 x 700 Pixels&#8221; _builder_version=&#8221;4.27.4&#8243; animation_style=&#8221;zoom&#8221; animation_intensity_zoom=&#8221;5%&#8221; z_index_tablet=&#8221;500&#8243; border_width_all=&#8221;24px&#8221; border_color_all=&#8221;#ffffff&#8221; box_shadow_style=&#8221;preset3&#8243; box_shadow_vertical=&#8221;70px&#8221; box_shadow_blur=&#8221;80px&#8221; box_shadow_color=&#8221;rgba(85,85,85,0.17)&#8221; locked=&#8221;off&#8221; global_colors_info=&#8221;{}&#8221;]<br \/>\n[\/et_pb_image][\/et_pb_column_inner][\/et_pb_row_inner][\/et_pb_column][et_pb_column type=&#8221;1_2&#8243; _builder_version=&#8221;4.16&#8243; custom_padding=&#8221;|||&#8221; global_colors_info=&#8221;{}&#8221; custom_padding__hover=&#8221;|||&#8221;][et_pb_text admin_label=&#8221;Welcome &#8211; Text&#8221; _builder_version=&#8221;4.16&#8243; text_font=&#8221;Cormorant Garamond||||||||&#8221; text_font_size=&#8221;16px&#8221; text_line_height=&#8221;1.8em&#8221; header_font=&#8221;|||on|||||&#8221; header_text_color=&#8221;#a9882f&#8221; header_2_font=&#8221;|700|||||||&#8221; header_2_font_size=&#8221;24px&#8221; header_3_font=&#8221;Cottage||||||||&#8221; header_3_font_size=&#8221;45px&#8221; header_3_line_height=&#8221;1.5em&#8221; header_5_font=&#8221;|700||on|||||&#8221; header_5_text_color=&#8221;#a9882f&#8221; header_5_letter_spacing=&#8221;15px&#8221; header_5_line_height=&#8221;1.8em&#8221; max_width_tablet=&#8221;&#8221; max_width_phone=&#8221;&#8221; max_width_last_edited=&#8221;on|desktop&#8221; module_alignment=&#8221;right&#8221; custom_margin=&#8221;|||&#8221; custom_padding=&#8221;|||&#8221; z_index_tablet=&#8221;500&#8243; global_colors_info=&#8221;{}&#8221;]<\/p>\n<div>\n<h1 class=\" center\">DE CATERING VAN DE BRUILOFT<\/h1>\n<p>Wij werken met zorgvuldig geselecteerde restaurants en cateraars om te zorgen dat jullie samen met jullie gasten genieten van een fantastische lunch en\/of diner. Over het algemeen bestaat het menu uit:<\/p>\n<ul>\n<li>E\u00e9n aperitief met hapjes en mousserende wijn (champagne, prosecco of cava)<\/li>\n<li>E\u00e9n voorgerecht<\/li>\n<li>E\u00e9n of twee hoofdgerechten<\/li>\n<li>E\u00e9n desserts<\/li>\n<li>E\u00e9n bruidstaart<\/li>\n<\/ul>\n<\/div>\n<p>[\/et_pb_text][\/et_pb_column][\/et_pb_section][et_pb_section fb_built=&#8221;1&#8243; _builder_version=&#8221;4.16&#8243; custom_margin=&#8221;0px||0px|&#8221; custom_padding=&#8221;0px||0px|&#8221; z_index_tablet=&#8221;500&#8243; global_colors_info=&#8221;{}&#8221;][et_pb_row _builder_version=&#8221;4.16&#8243; custom_margin=&#8221;0px||0px|&#8221; custom_padding=&#8221;0px||0px|&#8221; z_index_tablet=&#8221;500&#8243; global_colors_info=&#8221;{}&#8221;][et_pb_column type=&#8221;4_4&#8243; _builder_version=&#8221;4.16&#8243; custom_padding=&#8221;|||&#8221; global_colors_info=&#8221;{}&#8221; custom_padding__hover=&#8221;|||&#8221;][et_pb_divider _builder_version=&#8221;4.16&#8243; custom_margin=&#8221;0px||0px|&#8221; custom_padding=&#8221;0px|0px|0px|0px&#8221; z_index_tablet=&#8221;500&#8243; global_colors_info=&#8221;{}&#8221;][\/et_pb_divider][et_pb_text admin_label=&#8221;Welcome &#8211; Text&#8221; _builder_version=&#8221;4.16&#8243; text_font=&#8221;Cormorant Garamond||||||||&#8221; text_font_size=&#8221;16px&#8221; text_line_height=&#8221;1.8em&#8221; header_font=&#8221;|||on|||||&#8221; header_text_color=&#8221;#a9882f&#8221; header_2_font=&#8221;|700|||||||&#8221; header_2_font_size=&#8221;24px&#8221; header_3_font=&#8221;Cottage||||||||&#8221; header_3_font_size=&#8221;45px&#8221; header_3_line_height=&#8221;1.5em&#8221; header_5_font=&#8221;|700||on|||||&#8221; header_5_text_color=&#8221;#a9882f&#8221; header_5_letter_spacing=&#8221;15px&#8221; header_5_line_height=&#8221;1.8em&#8221; max_width_tablet=&#8221;&#8221; max_width_phone=&#8221;&#8221; max_width_last_edited=&#8221;on|desktop&#8221; module_alignment=&#8221;right&#8221; custom_margin=&#8221;0px||0px|&#8221; custom_padding=&#8221;0px||0px|&#8221; z_index_tablet=&#8221;500&#8243; global_colors_info=&#8221;{}&#8221;]<\/p>\n<p>Amuses, voorgerechten, hoofdgerechten en desserts kunnen zowel als buffet of aan tafel worden uitgeserveerd.<br \/>Over het algemeen duurt de receptie twee tot drie uur. Gevolgd door een lunch of diner van twee tot drie uur met aansluitend het feest.<\/p>\n<p>[\/et_pb_text][\/et_pb_column][\/et_pb_row][\/et_pb_section][et_pb_section fb_built=&#8221;1&#8243; _builder_version=&#8221;4.16&#8243; background_color=&#8221;#294453&#8243; custom_margin=&#8221;0px||0px|&#8221; custom_padding=&#8221;0px|0px|0px|0px&#8221; z_index_tablet=&#8221;500&#8243; global_colors_info=&#8221;{}&#8221;][et_pb_row column_structure=&#8221;1_3,2_3&#8243; _builder_version=&#8221;4.16&#8243; max_width=&#8221;1080px&#8221; global_colors_info=&#8221;{}&#8221;][et_pb_column type=&#8221;1_3&#8243; _builder_version=&#8221;4.16&#8243; custom_padding=&#8221;|||&#8221; global_colors_info=&#8221;{}&#8221; custom_padding__hover=&#8221;|||&#8221;][et_pb_text _builder_version=&#8221;4.27.4&#8243; text_font=&#8221;||||||||&#8221; text_text_color=&#8221;#ffffff&#8221; header_font=&#8221;||||||||&#8221; header_4_font=&#8221;||||||||&#8221; header_4_text_color=&#8221;#ffffff&#8221; hover_enabled=&#8221;0&#8243; z_index_tablet=&#8221;500&#8243; global_colors_info=&#8221;{}&#8221; sticky_enabled=&#8221;0&#8243;]<\/p>\n<h5><strong>Neem contact met ons op voor meer informatie.<\/strong><\/h5>\n<p><strong>Bell: <\/strong><strong><a href=\"tel:+34698535503\">+34698535503 <\/a><\/strong><strong style=\"font-size: 15px;\">of vul het formulier in.<\/strong><br \/>\n[\/et_pb_text][\/et_pb_column][et_pb_column type=&#8221;2_3&#8243; _builder_version=&#8221;4.16&#8243; custom_padding=&#8221;|||&#8221; global_colors_info=&#8221;{}&#8221; custom_padding__hover=&#8221;|||&#8221;][et_pb_contact_form captcha=&#8221;off&#8221; email=&#8221;info@ibizaforwedding.com&#8221; _builder_version=&#8221;4.16&#8243; _unique_id=&#8221;b7c36dc9-014e-4446-82a7-c40e03589f2a&#8221; form_field_font=&#8221;||||||||&#8221; custom_button=&#8221;on&#8221; button_font=&#8221;Trebuchet|600|||||||&#8221; button_use_icon=&#8221;off&#8221; z_index_tablet=&#8221;500&#8243; global_colors_info=&#8221;{}&#8221;][et_pb_contact_field field_id=&#8221;Name&#8221; field_title=&#8221;Name&#8221; _builder_version=&#8221;4.16&#8243; form_field_background_color=&#8221;#ffffff&#8221; form_field_text_color=&#8221;#a9882f&#8221; form_field_font=&#8221;|800|||||||&#8221; border_width_all=&#8221;2px&#8221; border_color_all=&#8221;#bcbcbc&#8221; field_background_color=&#8221;#ffffff&#8221; global_colors_info=&#8221;{}&#8221;][\/et_pb_contact_field][et_pb_contact_field field_id=&#8221;phone&#8221; field_title=&#8221;Phone&#8221; _builder_version=&#8221;4.16&#8243; form_field_text_color=&#8221;#a9882f&#8221; form_field_font=&#8221;|800|||||||&#8221; global_colors_info=&#8221;{}&#8221;][\/et_pb_contact_field][et_pb_contact_field field_id=&#8221;Email&#8221; field_title=&#8221;Your e-mail&#8221; field_type=&#8221;email&#8221; _builder_version=&#8221;4.16&#8243; form_field_text_color=&#8221;#a9882f&#8221; form_field_font=&#8221;|800|||||||&#8221; border_width_all=&#8221;2px&#8221; border_color_all=&#8221;#bcbcbc&#8221; global_colors_info=&#8221;{}&#8221;][\/et_pb_contact_field][et_pb_contact_field field_id=&#8221;Subject&#8221; field_title=&#8221;Subject&#8221; _builder_version=&#8221;4.16&#8243; form_field_text_color=&#8221;#a9882f&#8221; form_field_font=&#8221;|800|||||||&#8221; border_width_all=&#8221;2px&#8221; border_color_all=&#8221;#bcbcbc&#8221; global_colors_info=&#8221;{}&#8221;][\/et_pb_contact_field][et_pb_contact_field field_id=&#8221;Message&#8221; field_title=&#8221;Detailed Request&#8221; field_type=&#8221;text&#8221; fullwidth_field=&#8221;on&#8221; _builder_version=&#8221;4.16&#8243; form_field_text_color=&#8221;#a9882f&#8221; form_field_font=&#8221;|800|||||||&#8221; form_field_line_height=&#8221;1.7em&#8221; border_width_all=&#8221;2px&#8221; border_color_all=&#8221;#bcbcbc&#8221; global_colors_info=&#8221;{}&#8221;][\/et_pb_contact_field][\/et_pb_contact_form][\/et_pb_column][\/et_pb_row][\/et_pb_section]<\/p>\n","protected":false},"excerpt":{"rendered":"<p>DE CATERING VAN DE BRUILOFT Wij werken met zorgvuldig geselecteerde restaurants en cateraars om te zorgen dat jullie samen met jullie gasten genieten van een fantastische lunch en\/of diner. Over het algemeen bestaat het menu uit: E\u00e9n aperitief met hapjes en mousserende wijn (champagne, prosecco of cava) E\u00e9n voorgerecht E\u00e9n of twee hoofdgerechten E\u00e9n desserts [&hellip;]<\/p>\n","protected":false},"author":3,"featured_media":0,"parent":0,"menu_order":0,"comment_status":"closed","ping_status":"closed","template":"","meta":{"_et_pb_use_builder":"on","_et_pb_old_content":"[vc_row][vc_column][vc_single_image image=\"828\" img_size=\"large\" alignment=\"center\"][vc_empty_space][\/vc_column][\/vc_row][vc_row][vc_column][title_nd title=\"A successfully Ibiza wedding reception with our banquets and catering partners.\" tag=\"h1\" align=\"center\"][vc_empty_space][vc_column_text]\r\n<p style=\"text-align: justify;\">A <strong>Ibiza wedding banquet<\/strong> is a part of a successful marriage; you can either choose to go to a restaurant or to have a wedding catering in <a href=\"\/wedding-locations-ibiza\/villas\/\" target=\"_blank\" rel=\"noopener\"><u>a villa<\/u><\/a>. By choosing a restaurant you will also choose a <strong>style of cooking<\/strong>: you could choose a chef with a reputation.<\/p>\r\n<p style=\"text-align: justify;\">Choosing a wedding banquet in Ibiza is something different: first of all, the menus are <strong>tailored according to the customers\u2019 needs<\/strong> and, above that, it is possible to choose different food styles and traditions: Mediterranean, Asiatic, Kosher, etc.<\/p>\r\n<p style=\"text-align: justify;\">We work with <strong>carefully selected restaurants<\/strong> and caterers able to provide a quality wedding banquet in Ibiza and Formentera, so that you and your guests can enjoy a <strong>superb dining experience<\/strong>. Generally, the menu for a wedding banquet comprehends:<\/p>\r\n\r\n<ul>\r\n \t<li>Aperitif with finger food and sparkling wine (champagne, prosecco or cava)<\/li>\r\n \t<li>Appetizer<\/li>\r\n \t<li>Two main courses<\/li>\r\n \t<li>Desserts<\/li>\r\n \t<li>Wedding cake<\/li>\r\n<\/ul>\r\nAppetizers, main courses and desserts can be served either as buffet or seated.\r\n\r\nThen the \"real\" <strong>wedding party<\/strong> (dancing and open bar service) starts!\r\n\r\nPossible to have: dj set, live bands, dancers and performers.[\/vc_column_text][vc_empty_space][\/vc_column][\/vc_row][vc_row][vc_column][vc_column_text]\r\n<h2 style=\"text-align: center;\"><\/h2>\r\n<div align=\"JUSTIFY\"><strong>Please, contact us \u00a0for more details<\/strong><\/div>\r\n<div align=\"JUSTIFY\">Call UK office:\u00a0<strong><a href=\"tel:+442080779463\">+442080779463<\/a><\/strong> or fill in the form.<\/div>\r\n[contact-form-7 id=\"1023\" title=\"Form EN\"][\/vc_column_text][vc_empty_space][\/vc_column][\/vc_row]","_et_gb_content_width":"","footnotes":""},"class_list":["post-992","page","type-page","status-publish","hentry"],"yoast_head":"<!-- This site is optimized with the Yoast SEO Premium plugin v27.1 (Yoast SEO v27.4) - https:\/\/yoast.com\/product\/yoast-seo-premium-wordpress\/ -->\n<title>Huwelijksbanket Ibiza - Trouwen in Villa of Restaurant<\/title>\n<meta name=\"description\" content=\"Wij werken met zorgvuldig geselecteerde restaurants en cateraars. Trouwefeest, catering van de bruiloft en huwelijksbanket ibiza.\" \/>\n<meta name=\"robots\" content=\"index, follow, max-snippet:-1, max-image-preview:large, max-video-preview:-1\" \/>\n<link rel=\"canonical\" href=\"https:\/\/www.ibizaforwedding.com\/nl\/huwelijksbanket-ibiza-trouwen-villa-restaurant\/\" \/>\n<meta property=\"og:locale\" content=\"nl_NL\" \/>\n<meta property=\"og:type\" content=\"article\" \/>\n<meta property=\"og:title\" content=\"Huwelijksbanket Ibiza - Trouwen in Villa of Restaurant\" \/>\n<meta property=\"og:description\" content=\"Wij werken met zorgvuldig geselecteerde restaurants en cateraars. Trouwefeest, catering van de bruiloft en huwelijksbanket ibiza.\" \/>\n<meta property=\"og:url\" content=\"https:\/\/www.ibizaforwedding.com\/nl\/huwelijksbanket-ibiza-trouwen-villa-restaurant\/\" \/>\n<meta property=\"og:site_name\" content=\"Ibiza for wedding\" \/>\n<meta property=\"article:modified_time\" content=\"2025-03-22T17:00:00+00:00\" \/>\n<meta name=\"twitter:card\" content=\"summary_large_image\" \/>\n<meta name=\"twitter:label1\" content=\"Geschatte leestijd\" \/>\n\t<meta name=\"twitter:data1\" content=\"1 minuut\" \/>\n<script type=\"application\/ld+json\" class=\"yoast-schema-graph\">{\"@context\":\"https:\\\/\\\/schema.org\",\"@graph\":[{\"@type\":\"WebPage\",\"@id\":\"https:\\\/\\\/www.ibizaforwedding.com\\\/nl\\\/huwelijksbanket-ibiza-trouwen-villa-restaurant\\\/\",\"url\":\"https:\\\/\\\/www.ibizaforwedding.com\\\/nl\\\/huwelijksbanket-ibiza-trouwen-villa-restaurant\\\/\",\"name\":\"Huwelijksbanket Ibiza - Trouwen in Villa of Restaurant\",\"isPartOf\":{\"@id\":\"https:\\\/\\\/www.ibizaforwedding.com\\\/nl\\\/#website\"},\"datePublished\":\"2016-12-19T12:42:11+00:00\",\"dateModified\":\"2025-03-22T17:00:00+00:00\",\"description\":\"Wij werken met zorgvuldig geselecteerde restaurants en cateraars. Trouwefeest, catering van de bruiloft en huwelijksbanket ibiza.\",\"breadcrumb\":{\"@id\":\"https:\\\/\\\/www.ibizaforwedding.com\\\/nl\\\/huwelijksbanket-ibiza-trouwen-villa-restaurant\\\/#breadcrumb\"},\"inLanguage\":\"nl-NL\",\"potentialAction\":[{\"@type\":\"ReadAction\",\"target\":[\"https:\\\/\\\/www.ibizaforwedding.com\\\/nl\\\/huwelijksbanket-ibiza-trouwen-villa-restaurant\\\/\"]}]},{\"@type\":\"BreadcrumbList\",\"@id\":\"https:\\\/\\\/www.ibizaforwedding.com\\\/nl\\\/huwelijksbanket-ibiza-trouwen-villa-restaurant\\\/#breadcrumb\",\"itemListElement\":[{\"@type\":\"ListItem\",\"position\":1,\"name\":\"Home\",\"item\":\"https:\\\/\\\/www.ibizaforwedding.com\\\/nl\\\/\"},{\"@type\":\"ListItem\",\"position\":2,\"name\":\"Huwelijksbanket Ibiza &#8211; Trouwen in Villa of Restaurant\"}]},{\"@type\":\"WebSite\",\"@id\":\"https:\\\/\\\/www.ibizaforwedding.com\\\/nl\\\/#website\",\"url\":\"https:\\\/\\\/www.ibizaforwedding.com\\\/nl\\\/\",\"name\":\"Ibiza for wedding\",\"description\":\"Weddings in Ibiza and Formentera\",\"publisher\":{\"@id\":\"https:\\\/\\\/www.ibizaforwedding.com\\\/nl\\\/#organization\"},\"potentialAction\":[{\"@type\":\"SearchAction\",\"target\":{\"@type\":\"EntryPoint\",\"urlTemplate\":\"https:\\\/\\\/www.ibizaforwedding.com\\\/nl\\\/?s={search_term_string}\"},\"query-input\":{\"@type\":\"PropertyValueSpecification\",\"valueRequired\":true,\"valueName\":\"search_term_string\"}}],\"inLanguage\":\"nl-NL\"},{\"@type\":\"Organization\",\"@id\":\"https:\\\/\\\/www.ibizaforwedding.com\\\/nl\\\/#organization\",\"name\":\"ibiza for wedding\",\"url\":\"https:\\\/\\\/www.ibizaforwedding.com\\\/nl\\\/\",\"logo\":{\"@type\":\"ImageObject\",\"inLanguage\":\"nl-NL\",\"@id\":\"https:\\\/\\\/www.ibizaforwedding.com\\\/nl\\\/#\\\/schema\\\/logo\\\/image\\\/\",\"url\":\"https:\\\/\\\/www.ibizaforwedding.com\\\/wp-content\\\/uploads\\\/2018\\\/03\\\/ibiza-for-wedding-logo.jpg\",\"contentUrl\":\"https:\\\/\\\/www.ibizaforwedding.com\\\/wp-content\\\/uploads\\\/2018\\\/03\\\/ibiza-for-wedding-logo.jpg\",\"width\":282,\"height\":50,\"caption\":\"ibiza for wedding\"},\"image\":{\"@id\":\"https:\\\/\\\/www.ibizaforwedding.com\\\/nl\\\/#\\\/schema\\\/logo\\\/image\\\/\"},\"sameAs\":[\"https:\\\/\\\/www.instagram.com\\\/ibizaforwedding\\\/\"]}]}<\/script>\n<!-- \/ Yoast SEO Premium plugin. -->","yoast_head_json":{"title":"Huwelijksbanket Ibiza - Trouwen in Villa of Restaurant","description":"Wij werken met zorgvuldig geselecteerde restaurants en cateraars. Trouwefeest, catering van de bruiloft en huwelijksbanket ibiza.","robots":{"index":"index","follow":"follow","max-snippet":"max-snippet:-1","max-image-preview":"max-image-preview:large","max-video-preview":"max-video-preview:-1"},"canonical":"https:\/\/www.ibizaforwedding.com\/nl\/huwelijksbanket-ibiza-trouwen-villa-restaurant\/","og_locale":"nl_NL","og_type":"article","og_title":"Huwelijksbanket Ibiza - Trouwen in Villa of Restaurant","og_description":"Wij werken met zorgvuldig geselecteerde restaurants en cateraars. Trouwefeest, catering van de bruiloft en huwelijksbanket ibiza.","og_url":"https:\/\/www.ibizaforwedding.com\/nl\/huwelijksbanket-ibiza-trouwen-villa-restaurant\/","og_site_name":"Ibiza for wedding","article_modified_time":"2025-03-22T17:00:00+00:00","twitter_card":"summary_large_image","twitter_misc":{"Geschatte leestijd":"1 minuut"},"schema":{"@context":"https:\/\/schema.org","@graph":[{"@type":"WebPage","@id":"https:\/\/www.ibizaforwedding.com\/nl\/huwelijksbanket-ibiza-trouwen-villa-restaurant\/","url":"https:\/\/www.ibizaforwedding.com\/nl\/huwelijksbanket-ibiza-trouwen-villa-restaurant\/","name":"Huwelijksbanket Ibiza - Trouwen in Villa of Restaurant","isPartOf":{"@id":"https:\/\/www.ibizaforwedding.com\/nl\/#website"},"datePublished":"2016-12-19T12:42:11+00:00","dateModified":"2025-03-22T17:00:00+00:00","description":"Wij werken met zorgvuldig geselecteerde restaurants en cateraars. Trouwefeest, catering van de bruiloft en huwelijksbanket ibiza.","breadcrumb":{"@id":"https:\/\/www.ibizaforwedding.com\/nl\/huwelijksbanket-ibiza-trouwen-villa-restaurant\/#breadcrumb"},"inLanguage":"nl-NL","potentialAction":[{"@type":"ReadAction","target":["https:\/\/www.ibizaforwedding.com\/nl\/huwelijksbanket-ibiza-trouwen-villa-restaurant\/"]}]},{"@type":"BreadcrumbList","@id":"https:\/\/www.ibizaforwedding.com\/nl\/huwelijksbanket-ibiza-trouwen-villa-restaurant\/#breadcrumb","itemListElement":[{"@type":"ListItem","position":1,"name":"Home","item":"https:\/\/www.ibizaforwedding.com\/nl\/"},{"@type":"ListItem","position":2,"name":"Huwelijksbanket Ibiza &#8211; Trouwen in Villa of Restaurant"}]},{"@type":"WebSite","@id":"https:\/\/www.ibizaforwedding.com\/nl\/#website","url":"https:\/\/www.ibizaforwedding.com\/nl\/","name":"Ibiza for wedding","description":"Weddings in Ibiza and Formentera","publisher":{"@id":"https:\/\/www.ibizaforwedding.com\/nl\/#organization"},"potentialAction":[{"@type":"SearchAction","target":{"@type":"EntryPoint","urlTemplate":"https:\/\/www.ibizaforwedding.com\/nl\/?s={search_term_string}"},"query-input":{"@type":"PropertyValueSpecification","valueRequired":true,"valueName":"search_term_string"}}],"inLanguage":"nl-NL"},{"@type":"Organization","@id":"https:\/\/www.ibizaforwedding.com\/nl\/#organization","name":"ibiza for wedding","url":"https:\/\/www.ibizaforwedding.com\/nl\/","logo":{"@type":"ImageObject","inLanguage":"nl-NL","@id":"https:\/\/www.ibizaforwedding.com\/nl\/#\/schema\/logo\/image\/","url":"https:\/\/www.ibizaforwedding.com\/wp-content\/uploads\/2018\/03\/ibiza-for-wedding-logo.jpg","contentUrl":"https:\/\/www.ibizaforwedding.com\/wp-content\/uploads\/2018\/03\/ibiza-for-wedding-logo.jpg","width":282,"height":50,"caption":"ibiza for wedding"},"image":{"@id":"https:\/\/www.ibizaforwedding.com\/nl\/#\/schema\/logo\/image\/"},"sameAs":["https:\/\/www.instagram.com\/ibizaforwedding\/"]}]}},"_links":{"self":[{"href":"https:\/\/www.ibizaforwedding.com\/nl\/wp-json\/wp\/v2\/pages\/992","targetHints":{"allow":["GET"]}}],"collection":[{"href":"https:\/\/www.ibizaforwedding.com\/nl\/wp-json\/wp\/v2\/pages"}],"about":[{"href":"https:\/\/www.ibizaforwedding.com\/nl\/wp-json\/wp\/v2\/types\/page"}],"author":[{"embeddable":true,"href":"https:\/\/www.ibizaforwedding.com\/nl\/wp-json\/wp\/v2\/users\/3"}],"replies":[{"embeddable":true,"href":"https:\/\/www.ibizaforwedding.com\/nl\/wp-json\/wp\/v2\/comments?post=992"}],"version-history":[{"count":6,"href":"https:\/\/www.ibizaforwedding.com\/nl\/wp-json\/wp\/v2\/pages\/992\/revisions"}],"predecessor-version":[{"id":7883,"href":"https:\/\/www.ibizaforwedding.com\/nl\/wp-json\/wp\/v2\/pages\/992\/revisions\/7883"}],"wp:attachment":[{"href":"https:\/\/www.ibizaforwedding.com\/nl\/wp-json\/wp\/v2\/media?parent=992"}],"curies":[{"name":"wp","href":"https:\/\/api.w.org\/{rel}","templated":true}]}}