{"id":6786,"date":"2025-02-17T13:13:53","date_gmt":"2025-02-17T12:13:53","guid":{"rendered":"https:\/\/www.ibizaforwedding.com\/servizi-matrimoni-a-ibiza\/"},"modified":"2025-03-09T10:50:49","modified_gmt":"2025-03-09T09:50:49","slug":"servizi-matrimoni-a-ibiza-2","status":"publish","type":"page","link":"https:\/\/www.ibizaforwedding.com\/it\/servizi-matrimoni-a-ibiza-2\/","title":{"rendered":"Servizi Matrimoni a Ibiza"},"content":{"rendered":"<p>[et_pb_section fb_built=&#8221;1&#8243; fullwidth=&#8221;on&#8221; admin_label=&#8221;Hero Section&#8221; _builder_version=&#8221;4.16&#8243; background_color=&#8221;rgba(255,255,255,0.6)&#8221; use_background_color_gradient=&#8221;on&#8221; background_color_gradient_stops=&#8221;#ffffff 15%|rgba(255,255,255,0) 100%&#8221; background_color_gradient_start=&#8221;#ffffff&#8221; background_color_gradient_start_position=&#8221;15%&#8221; background_color_gradient_end=&#8221;rgba(255,255,255,0)&#8221; background_image=&#8221;http:\/\/demosdivi.lovelyconfetti.com\/halle\/wp-content\/uploads\/sites\/2\/2018\/12\/Emma_Fullwidth_header_01.jpg&#8221; background_blend=&#8221;overlay&#8221; custom_margin=&#8221;|10px||10px|false|false&#8221; animation_direction=&#8221;bottom&#8221; global_colors_info=&#8221;{}&#8221;][et_pb_fullwidth_header title=&#8221;Cosa fare per il tuo matrimonio a Ibiza o Formentera&#8221; subhead=&#8221;Scegli un wedding planner esperto e una location per matrimoni in linea con il tuo spirito&#8221; text_orientation=&#8221;center&#8221; background_overlay_color=&#8221;rgba(255,255,255,0.65)&#8221; admin_label=&#8221;Halle &#8211; Fullwidth header&#8221; _builder_version=&#8221;4.16&#8243; title_font_size=&#8221;36px&#8221; title_letter_spacing=&#8221;1px&#8221; title_line_height=&#8221;1.3em&#8221; subhead_font=&#8221;|||on|||||&#8221; subhead_font_size=&#8221;14px&#8221; subhead_letter_spacing=&#8221;8px&#8221; subhead_line_height=&#8221;2em&#8221; background_color=&#8221;rgba(255, 255, 255, 0)&#8221; background_image=&#8221;https:\/\/www.ibizaforwedding.com\/wp-content\/uploads\/2020\/02\/Copia-di-tamas-kooning-lansbergen-ibizaDSC_1304-e1646962483131.jpg&#8221; parallax=&#8221;on&#8221; parallax_method=&#8221;on&#8221; custom_button_one=&#8221;on&#8221; button_one_text_color=&#8221;#ffffff&#8221; button_one_border_width=&#8221;10px&#8221; button_one_letter_spacing=&#8221;6px&#8221; button_one_font=&#8221;Open Sans||||&#8221; button_one_use_icon=&#8221;off&#8221; background_layout=&#8221;light&#8221; custom_padding=&#8221;5%||5%||true|&#8221; title_font_size_tablet=&#8221;32px&#8221; title_font_size_phone=&#8221;30px&#8221; title_font_size_last_edited=&#8221;on|desktop&#8221; global_colors_info=&#8221;{}&#8221; button_one_text_size__hover_enabled=&#8221;off&#8221; button_one_text_size__hover=&#8221;null&#8221; button_two_text_size__hover_enabled=&#8221;off&#8221; button_two_text_size__hover=&#8221;null&#8221; button_one_text_color__hover_enabled=&#8221;off&#8221; button_one_text_color__hover=&#8221;null&#8221; button_two_text_color__hover_enabled=&#8221;off&#8221; button_two_text_color__hover=&#8221;null&#8221; button_one_border_width__hover_enabled=&#8221;off&#8221; button_one_border_width__hover=&#8221;null&#8221; button_two_border_width__hover_enabled=&#8221;off&#8221; button_two_border_width__hover=&#8221;null&#8221; button_one_border_color__hover_enabled=&#8221;off&#8221; button_one_border_color__hover=&#8221;null&#8221; button_two_border_color__hover_enabled=&#8221;off&#8221; button_two_border_color__hover=&#8221;null&#8221; button_one_border_radius__hover_enabled=&#8221;off&#8221; button_one_border_radius__hover=&#8221;null&#8221; button_two_border_radius__hover_enabled=&#8221;off&#8221; button_two_border_radius__hover=&#8221;null&#8221; button_one_letter_spacing__hover_enabled=&#8221;on&#8221; button_one_letter_spacing__hover=&#8221;10px&#8221; button_two_letter_spacing__hover_enabled=&#8221;off&#8221; button_two_letter_spacing__hover=&#8221;null&#8221; button_one_bg_color__hover_enabled=&#8221;off&#8221; button_one_bg_color__hover=&#8221;null&#8221; button_two_bg_color__hover_enabled=&#8221;off&#8221; button_two_bg_color__hover=&#8221;null&#8221;][\/et_pb_fullwidth_header][\/et_pb_section][et_pb_section fb_built=&#8221;1&#8243; _builder_version=&#8221;4.16&#8243; _module_preset=&#8221;default&#8221; global_colors_info=&#8221;{}&#8221;][et_pb_row column_structure=&#8221;1_2,1_2&#8243; _builder_version=&#8221;4.16&#8243; global_colors_info=&#8221;{}&#8221;][et_pb_column type=&#8221;1_2&#8243; _builder_version=&#8221;4.16&#8243; custom_padding=&#8221;|||&#8221; global_colors_info=&#8221;{}&#8221; custom_padding__hover=&#8221;|||&#8221;][et_pb_image src=&#8221;https:\/\/www.ibizaforwedding.com\/wp-content\/uploads\/2020\/02\/Copia-di-Rustic2-2.jpg&#8221; alt=&#8221;Gli sposi dopo la cerimonia nuziale&#8221; title_text=&#8221;Matrimonio Country Chic Ibiza&#8221; align_tablet=&#8221;center&#8221; align_phone=&#8221;center&#8221; align_last_edited=&#8221;on|desktop&#8221; _builder_version=&#8221;4.16&#8243; global_colors_info=&#8221;{}&#8221;][\/et_pb_image][\/et_pb_column][et_pb_column type=&#8221;1_2&#8243; _builder_version=&#8221;4.16&#8243; custom_padding=&#8221;|||&#8221; global_colors_info=&#8221;{}&#8221; custom_padding__hover=&#8221;|||&#8221;][et_pb_image src=&#8221;https:\/\/www.ibizaforwedding.com\/wp-content\/uploads\/2020\/01\/ibiza-wedding-venues-2020.jpg&#8221; alt=&#8221;Villa fronte mare per matrimoni a Ibiza&#8221; title_text=&#8221;ibiza-wedding-venues-2020&#8243; align_tablet=&#8221;center&#8221; align_phone=&#8221;center&#8221; align_last_edited=&#8221;on|desktop&#8221; _builder_version=&#8221;4.16&#8243; global_colors_info=&#8221;{}&#8221;][\/et_pb_image][\/et_pb_column][\/et_pb_row][et_pb_row _builder_version=&#8221;4.16&#8243; _module_preset=&#8221;default&#8221; global_colors_info=&#8221;{}&#8221;][et_pb_column type=&#8221;4_4&#8243; _builder_version=&#8221;4.16&#8243; _module_preset=&#8221;default&#8221; global_colors_info=&#8221;{}&#8221;][et_pb_text admin_label=&#8221;Text&#8221; _builder_version=&#8221;4.27.4&#8243; global_colors_info=&#8221;{}&#8221;]<\/p>\n<h3><strong>Organizzazione e Pianificazione Matrimonio\u00a0<\/strong><\/h3>\n<p style=\"text-align: justify;\">Il matrimonio \u00e8 una promessa che dura tutta la vita. Il giorno delle nozze \u00e8 uno dei giorni pi\u00f9 importanti della nostra vita, quindi la sua pianificazione \u00e8 una questione molto critica. La maggior parte delle coppie che si sposano a Ibiza e Formentera provengono dalla &#8220;penisola&#8221; spagnola o da altri paesi, il che rende l&#8217;organizzazione del matrimonio un compito ancora pi\u00f9 complesso. Un wedding planner con sede tra Ibiza e Formentera conosce i fornitori locali e i fornitori di servizi, questo assicura agli sposi di godersi appieno il loro giorno speciale senza una sola preoccupazione.<\/p>\n<p>[\/et_pb_text][et_pb_button button_url=&#8221;https:\/\/www.ibizaforwedding.com\/it\/organizzazione-matrimonio-ibiza\/&#8221; button_text=&#8221;per saperne di pi\u00f9&#8221; button_alignment=&#8221;center&#8221; admin_label=&#8221;Button &#8211; Wedding Planner&#8221; _builder_version=&#8221;4.16&#8243; custom_padding=&#8221;||0px|||&#8221; global_colors_info=&#8221;{}&#8221;][\/et_pb_button][et_pb_text _builder_version=&#8221;4.27.4&#8243; global_colors_info=&#8221;{}&#8221;]<\/p>\n<h3><strong>Luoghi per Matrimonio<\/strong><\/h3>\n<p style=\"text-align: justify;\">Ibiza e Formentera offrono bellezze naturali, clima mite e spirito libero, rendendo l&#8217;isola una destinazione perfetta per le nozze. Possiamo proporre un&#8217;ampia gamma di location per matrimoni e location specifiche per matrimoni in entrambe le isole. Individuare le location per la cerimonia e il ricevimento rappresenta, probabilmente, il primo elemento da considerare quando si pianifica un matrimonio.<br \/>Gli sposi possono sempre scegliere di avere uno o due luoghi diversi per la cerimonia e il ricevimento: chiesa pi\u00f9 villa, villa all-in-one, scogliera + ristorante, ristorante all-in-one e altre combinazioni.<\/p>\n<p>[\/et_pb_text][et_pb_button button_url=&#8221;https:\/\/www.ibizaforwedding.com\/it\/location-matrimoni-ibiza\/&#8221; button_text=&#8221;per saperne di pi\u00f9&#8221; button_alignment=&#8221;center&#8221; admin_label=&#8221;Button &#8211; wedding venues&#8221; _builder_version=&#8221;4.16&#8243; global_colors_info=&#8221;{}&#8221;][\/et_pb_button][et_pb_text admin_label=&#8221;Text&#8221; _builder_version=&#8221;4.27.4&#8243; global_colors_info=&#8221;{}&#8221;]<\/p>\n<h3><strong>Ricevimento di Matrimonio <\/strong><\/h3>\n<p style=\"text-align: justify;\">Un banchetto nuziale \u00e8 parte di un matrimonio di successo; puoi scegliere di andare in un ristorante o di avere un catering per matrimoni in una villa.<br \/>Scegliendo un ristorante, sceglierai anche uno stile di cucina: potresti avere uno chef con una reputazione. Rendere unico un banchetto nuziale a Ibiza (o Formentera) \u00e8 possibile: i menu possono essere personalizzati in base alle esigenze dei clienti e, soprattutto, \u00e8 possibile scegliere diversi stili e tradizioni alimentari: mediterraneo, asiatico, kosher, ecc. ristorante, ristorante all-in-one e altre combinazioni.<\/p>\n<p>[\/et_pb_text][et_pb_button button_url=&#8221;https:\/\/www.ibizaforwedding.com\/it\/banchetto-matrimonio\/&#8221; button_text=&#8221;per saperne di pi\u00f9&#8221; button_alignment=&#8221;center&#8221; admin_label=&#8221;Button &#8211; Wedding Reception&#8221; _builder_version=&#8221;4.16&#8243; custom_padding=&#8221;||5px|||&#8221; global_colors_info=&#8221;{}&#8221;][\/et_pb_button][et_pb_text admin_label=&#8221;Text&#8221; _builder_version=&#8221;4.27.4&#8243; global_colors_info=&#8221;{}&#8221;]<\/p>\n<h3><strong>Pacchetti<\/strong><\/h3>\n<p style=\"text-align: justify;\">Sebbene preferiremmo personalizzare e adattare le proposte di matrimonio alle coppie, un pacchetto di matrimonio pu\u00f2 offrire un buon valore. In genere esso include l&#8217;affitto della location, il coordinamento del matrimonio, l&#8217;allestimento della cerimonia e il ricevimento. Cibo, bevande e decorazione dei tavoli sono una linea base. Il fotografo e l&#8217;intrattenimento sono extra. <\/p>\n<p>[\/et_pb_text][et_pb_button button_url=&#8221;https:\/\/www.ibizaforwedding.com\/it\/pacchetti-nuziali-ibiza&#8221; button_text=&#8221;per saperne di pi\u00f9&#8221; button_alignment=&#8221;center&#8221; admin_label=&#8221;Button &#8211; Wedding Reception&#8221; _builder_version=&#8221;4.27.4&#8243; global_colors_info=&#8221;{}&#8221;][\/et_pb_button][\/et_pb_column][\/et_pb_row][\/et_pb_section][et_pb_section fb_built=&#8221;1&#8243; _builder_version=&#8221;4.16&#8243; background_color=&#8221;#294453&#8243; custom_margin=&#8221;0px||0px|&#8221; custom_padding=&#8221;0px|0px|0px|0px&#8221; z_index_tablet=&#8221;500&#8243; locked=&#8221;off&#8221; global_colors_info=&#8221;{}&#8221;][et_pb_row column_structure=&#8221;1_3,2_3&#8243; _builder_version=&#8221;4.16&#8243; max_width=&#8221;1080px&#8221; global_colors_info=&#8221;{}&#8221;][et_pb_column type=&#8221;1_3&#8243; _builder_version=&#8221;4.16&#8243; custom_padding=&#8221;|||&#8221; global_colors_info=&#8221;{}&#8221; custom_padding__hover=&#8221;|||&#8221;][et_pb_text _builder_version=&#8221;4.27.4&#8243; text_font=&#8221;||||||||&#8221; text_text_color=&#8221;#ffffff&#8221; header_font=&#8221;||||||||&#8221; header_4_font=&#8221;||||||||&#8221; header_4_text_color=&#8221;#ffffff&#8221; hover_enabled=&#8221;0&#8243; z_index_tablet=&#8221;500&#8243; global_colors_info=&#8221;{}&#8221; sticky_enabled=&#8221;0&#8243;]<\/p>\n<h5><strong>Contattaci per maggiori informazioni<\/strong><\/h5>\n<ul>\n<li><strong>Puoi chiamare\u00a0<\/strong><br \/><a href=\"tel:+393931413299\">+393931413299 <\/a><\/li>\n<li><strong>Inviare un msg WhatsApp\u00a0<\/strong> <a href=\"https:\/\/wa.me\/+34698535503\"><br \/>+34698535503<\/a><\/li>\n<li><strong style=\"font-size: 15px;\">O compilare il form<\/strong><\/li>\n<\/ul>\n<p style=\"text-align: justify;\">[\/et_pb_text][\/et_pb_column][et_pb_column type=&#8221;2_3&#8243; _builder_version=&#8221;4.16&#8243; custom_padding=&#8221;|||&#8221; global_colors_info=&#8221;{}&#8221; custom_padding__hover=&#8221;|||&#8221;][et_pb_contact_form captcha=&#8221;off&#8221; email=&#8221;info@ibizaforwedding.com&#8221; _builder_version=&#8221;4.27.4&#8243; _unique_id=&#8221;a8a01db8-baa8-447e-8b91-5bfd96b92f30&#8243; form_field_font=&#8221;||||||||&#8221; custom_button=&#8221;on&#8221; button_font=&#8221;Trebuchet|600|||||||&#8221; button_use_icon=&#8221;off&#8221; hover_enabled=&#8221;0&#8243; z_index_tablet=&#8221;500&#8243; global_colors_info=&#8221;{}&#8221; sticky_enabled=&#8221;0&#8243;][et_pb_contact_field field_id=&#8221;Nome&#8221; field_title=&#8221;Nome&#8221; _builder_version=&#8221;4.27.4&#8243; form_field_background_color=&#8221;#ffffff&#8221; form_field_text_color=&#8221;#a9882f&#8221; form_field_font=&#8221;|800|||||||&#8221; hover_enabled=&#8221;0&#8243; border_width_all=&#8221;2px&#8221; border_color_all=&#8221;#bcbcbc&#8221; field_background_color=&#8221;#ffffff&#8221; global_colors_info=&#8221;{}&#8221; sticky_enabled=&#8221;0&#8243;][\/et_pb_contact_field][et_pb_contact_field field_id=&#8221;Telefono&#8221; field_title=&#8221;Telefono&#8221; _builder_version=&#8221;4.27.4&#8243; form_field_text_color=&#8221;#a9882f&#8221; form_field_font=&#8221;|800|||||||&#8221; hover_enabled=&#8221;0&#8243; global_colors_info=&#8221;{}&#8221; sticky_enabled=&#8221;0&#8243;][\/et_pb_contact_field][et_pb_contact_field field_id=&#8221;Email&#8221; field_title=&#8221;E-mail&#8221; field_type=&#8221;email&#8221; _builder_version=&#8221;4.27.4&#8243; form_field_text_color=&#8221;#a9882f&#8221; form_field_font=&#8221;|800|||||||&#8221; hover_enabled=&#8221;0&#8243; border_width_all=&#8221;2px&#8221; border_color_all=&#8221;#bcbcbc&#8221; global_colors_info=&#8221;{}&#8221; sticky_enabled=&#8221;0&#8243;][\/et_pb_contact_field][et_pb_contact_field field_id=&#8221;Oggetto&#8221; field_title=&#8221;Oggetto&#8221; _builder_version=&#8221;4.27.4&#8243; form_field_text_color=&#8221;#a9882f&#8221; form_field_font=&#8221;|800|||||||&#8221; hover_enabled=&#8221;0&#8243; border_width_all=&#8221;2px&#8221; border_color_all=&#8221;#bcbcbc&#8221; global_colors_info=&#8221;{}&#8221; sticky_enabled=&#8221;0&#8243;][\/et_pb_contact_field][et_pb_contact_field field_id=&#8221;Richiesta&#8221; field_title=&#8221;Richiesta&#8221; field_type=&#8221;text&#8221; fullwidth_field=&#8221;on&#8221; _builder_version=&#8221;4.27.4&#8243; form_field_text_color=&#8221;#a9882f&#8221; form_field_font=&#8221;|800|||||||&#8221; form_field_line_height=&#8221;1.7em&#8221; hover_enabled=&#8221;0&#8243; border_width_all=&#8221;2px&#8221; border_color_all=&#8221;#bcbcbc&#8221; global_colors_info=&#8221;{}&#8221; sticky_enabled=&#8221;0&#8243;][\/et_pb_contact_field][\/et_pb_contact_form][\/et_pb_column][\/et_pb_row][\/et_pb_section]<\/p>\n","protected":false},"excerpt":{"rendered":"<p>Organizzazione e Pianificazione Matrimonio\u00a0 Il matrimonio \u00e8 una promessa che dura tutta la vita. Il giorno delle nozze \u00e8 uno dei giorni pi\u00f9 importanti della nostra vita, quindi la sua pianificazione \u00e8 una questione molto critica. La maggior parte delle coppie che si sposano a Ibiza e Formentera provengono dalla &#8220;penisola&#8221; spagnola o da altri [&hellip;]<\/p>\n","protected":false},"author":1,"featured_media":0,"parent":0,"menu_order":0,"comment_status":"closed","ping_status":"closed","template":"","meta":{"_et_pb_use_builder":"on","_et_pb_old_content":"","_et_gb_content_width":"","footnotes":""},"class_list":["post-6786","page","type-page","status-publish","hentry"],"yoast_head":"<!-- This site is optimized with the Yoast SEO Premium plugin v27.1 (Yoast SEO v27.5) - https:\/\/yoast.com\/product\/yoast-seo-premium-wordpress\/ -->\n<title>Servizi matrimoni a Ibiza e Formentera<\/title>\n<meta name=\"description\" content=\"Offriamo tutti i servizi per matrimoni a Ibiza e Formentera. Iniziamo a pianificare data, tipo di cerimonia e scouting delle location.\" \/>\n<meta name=\"robots\" content=\"index, follow, max-snippet:-1, max-image-preview:large, max-video-preview:-1\" \/>\n<link rel=\"canonical\" href=\"https:\/\/www.ibizaforwedding.com\/it\/servizi-matrimoni-a-ibiza-2\/\" \/>\n<meta property=\"og:locale\" content=\"it_IT\" \/>\n<meta property=\"og:type\" content=\"article\" \/>\n<meta property=\"og:title\" content=\"Servizi Matrimoni a Ibiza\" \/>\n<meta property=\"og:description\" content=\"Offriamo tutti i servizi per matrimoni a Ibiza e Formentera. Iniziamo a pianificare data, tipo di cerimonia e scouting delle location.\" \/>\n<meta property=\"og:url\" content=\"https:\/\/www.ibizaforwedding.com\/it\/servizi-matrimoni-a-ibiza-2\/\" \/>\n<meta property=\"og:site_name\" content=\"Ibiza for wedding\" \/>\n<meta property=\"article:modified_time\" content=\"2025-03-09T09:50:49+00:00\" \/>\n<meta name=\"twitter:card\" content=\"summary_large_image\" \/>\n<meta name=\"twitter:label1\" content=\"Tempo di lettura stimato\" \/>\n\t<meta name=\"twitter:data1\" content=\"3 minuti\" \/>\n<script type=\"application\/ld+json\" class=\"yoast-schema-graph\">{\"@context\":\"https:\\\/\\\/schema.org\",\"@graph\":[{\"@type\":\"WebPage\",\"@id\":\"https:\\\/\\\/www.ibizaforwedding.com\\\/it\\\/servizi-matrimoni-a-ibiza-2\\\/\",\"url\":\"https:\\\/\\\/www.ibizaforwedding.com\\\/it\\\/servizi-matrimoni-a-ibiza-2\\\/\",\"name\":\"Servizi matrimoni a Ibiza e Formentera\",\"isPartOf\":{\"@id\":\"https:\\\/\\\/www.ibizaforwedding.com\\\/it\\\/#website\"},\"datePublished\":\"2025-02-17T12:13:53+00:00\",\"dateModified\":\"2025-03-09T09:50:49+00:00\",\"description\":\"Offriamo tutti i servizi per matrimoni a Ibiza e Formentera. Iniziamo a pianificare data, tipo di cerimonia e scouting delle location.\",\"breadcrumb\":{\"@id\":\"https:\\\/\\\/www.ibizaforwedding.com\\\/it\\\/servizi-matrimoni-a-ibiza-2\\\/#breadcrumb\"},\"inLanguage\":\"it-IT\",\"potentialAction\":[{\"@type\":\"ReadAction\",\"target\":[\"https:\\\/\\\/www.ibizaforwedding.com\\\/it\\\/servizi-matrimoni-a-ibiza-2\\\/\"]}]},{\"@type\":\"BreadcrumbList\",\"@id\":\"https:\\\/\\\/www.ibizaforwedding.com\\\/it\\\/servizi-matrimoni-a-ibiza-2\\\/#breadcrumb\",\"itemListElement\":[{\"@type\":\"ListItem\",\"position\":1,\"name\":\"Home\",\"item\":\"https:\\\/\\\/www.ibizaforwedding.com\\\/it\\\/\"},{\"@type\":\"ListItem\",\"position\":2,\"name\":\"Servizi Matrimoni a Ibiza\"}]},{\"@type\":\"WebSite\",\"@id\":\"https:\\\/\\\/www.ibizaforwedding.com\\\/it\\\/#website\",\"url\":\"https:\\\/\\\/www.ibizaforwedding.com\\\/it\\\/\",\"name\":\"Ibiza for wedding\",\"description\":\"Weddings in Ibiza and Formentera\",\"publisher\":{\"@id\":\"https:\\\/\\\/www.ibizaforwedding.com\\\/it\\\/#organization\"},\"potentialAction\":[{\"@type\":\"SearchAction\",\"target\":{\"@type\":\"EntryPoint\",\"urlTemplate\":\"https:\\\/\\\/www.ibizaforwedding.com\\\/it\\\/?s={search_term_string}\"},\"query-input\":{\"@type\":\"PropertyValueSpecification\",\"valueRequired\":true,\"valueName\":\"search_term_string\"}}],\"inLanguage\":\"it-IT\"},{\"@type\":\"Organization\",\"@id\":\"https:\\\/\\\/www.ibizaforwedding.com\\\/it\\\/#organization\",\"name\":\"ibiza for wedding\",\"url\":\"https:\\\/\\\/www.ibizaforwedding.com\\\/it\\\/\",\"logo\":{\"@type\":\"ImageObject\",\"inLanguage\":\"it-IT\",\"@id\":\"https:\\\/\\\/www.ibizaforwedding.com\\\/it\\\/#\\\/schema\\\/logo\\\/image\\\/\",\"url\":\"https:\\\/\\\/www.ibizaforwedding.com\\\/wp-content\\\/uploads\\\/2018\\\/03\\\/ibiza-for-wedding-logo.jpg\",\"contentUrl\":\"https:\\\/\\\/www.ibizaforwedding.com\\\/wp-content\\\/uploads\\\/2018\\\/03\\\/ibiza-for-wedding-logo.jpg\",\"width\":282,\"height\":50,\"caption\":\"ibiza for wedding\"},\"image\":{\"@id\":\"https:\\\/\\\/www.ibizaforwedding.com\\\/it\\\/#\\\/schema\\\/logo\\\/image\\\/\"},\"sameAs\":[\"https:\\\/\\\/www.instagram.com\\\/ibizaforwedding\\\/\"]}]}<\/script>\n<!-- \/ Yoast SEO Premium plugin. -->","yoast_head_json":{"title":"Servizi matrimoni a Ibiza e Formentera","description":"Offriamo tutti i servizi per matrimoni a Ibiza e Formentera. Iniziamo a pianificare data, tipo di cerimonia e scouting delle location.","robots":{"index":"index","follow":"follow","max-snippet":"max-snippet:-1","max-image-preview":"max-image-preview:large","max-video-preview":"max-video-preview:-1"},"canonical":"https:\/\/www.ibizaforwedding.com\/it\/servizi-matrimoni-a-ibiza-2\/","og_locale":"it_IT","og_type":"article","og_title":"Servizi Matrimoni a Ibiza","og_description":"Offriamo tutti i servizi per matrimoni a Ibiza e Formentera. Iniziamo a pianificare data, tipo di cerimonia e scouting delle location.","og_url":"https:\/\/www.ibizaforwedding.com\/it\/servizi-matrimoni-a-ibiza-2\/","og_site_name":"Ibiza for wedding","article_modified_time":"2025-03-09T09:50:49+00:00","twitter_card":"summary_large_image","twitter_misc":{"Tempo di lettura stimato":"3 minuti"},"schema":{"@context":"https:\/\/schema.org","@graph":[{"@type":"WebPage","@id":"https:\/\/www.ibizaforwedding.com\/it\/servizi-matrimoni-a-ibiza-2\/","url":"https:\/\/www.ibizaforwedding.com\/it\/servizi-matrimoni-a-ibiza-2\/","name":"Servizi matrimoni a Ibiza e Formentera","isPartOf":{"@id":"https:\/\/www.ibizaforwedding.com\/it\/#website"},"datePublished":"2025-02-17T12:13:53+00:00","dateModified":"2025-03-09T09:50:49+00:00","description":"Offriamo tutti i servizi per matrimoni a Ibiza e Formentera. Iniziamo a pianificare data, tipo di cerimonia e scouting delle location.","breadcrumb":{"@id":"https:\/\/www.ibizaforwedding.com\/it\/servizi-matrimoni-a-ibiza-2\/#breadcrumb"},"inLanguage":"it-IT","potentialAction":[{"@type":"ReadAction","target":["https:\/\/www.ibizaforwedding.com\/it\/servizi-matrimoni-a-ibiza-2\/"]}]},{"@type":"BreadcrumbList","@id":"https:\/\/www.ibizaforwedding.com\/it\/servizi-matrimoni-a-ibiza-2\/#breadcrumb","itemListElement":[{"@type":"ListItem","position":1,"name":"Home","item":"https:\/\/www.ibizaforwedding.com\/it\/"},{"@type":"ListItem","position":2,"name":"Servizi Matrimoni a Ibiza"}]},{"@type":"WebSite","@id":"https:\/\/www.ibizaforwedding.com\/it\/#website","url":"https:\/\/www.ibizaforwedding.com\/it\/","name":"Ibiza for wedding","description":"Weddings in Ibiza and Formentera","publisher":{"@id":"https:\/\/www.ibizaforwedding.com\/it\/#organization"},"potentialAction":[{"@type":"SearchAction","target":{"@type":"EntryPoint","urlTemplate":"https:\/\/www.ibizaforwedding.com\/it\/?s={search_term_string}"},"query-input":{"@type":"PropertyValueSpecification","valueRequired":true,"valueName":"search_term_string"}}],"inLanguage":"it-IT"},{"@type":"Organization","@id":"https:\/\/www.ibizaforwedding.com\/it\/#organization","name":"ibiza for wedding","url":"https:\/\/www.ibizaforwedding.com\/it\/","logo":{"@type":"ImageObject","inLanguage":"it-IT","@id":"https:\/\/www.ibizaforwedding.com\/it\/#\/schema\/logo\/image\/","url":"https:\/\/www.ibizaforwedding.com\/wp-content\/uploads\/2018\/03\/ibiza-for-wedding-logo.jpg","contentUrl":"https:\/\/www.ibizaforwedding.com\/wp-content\/uploads\/2018\/03\/ibiza-for-wedding-logo.jpg","width":282,"height":50,"caption":"ibiza for wedding"},"image":{"@id":"https:\/\/www.ibizaforwedding.com\/it\/#\/schema\/logo\/image\/"},"sameAs":["https:\/\/www.instagram.com\/ibizaforwedding\/"]}]}},"_links":{"self":[{"href":"https:\/\/www.ibizaforwedding.com\/it\/wp-json\/wp\/v2\/pages\/6786","targetHints":{"allow":["GET"]}}],"collection":[{"href":"https:\/\/www.ibizaforwedding.com\/it\/wp-json\/wp\/v2\/pages"}],"about":[{"href":"https:\/\/www.ibizaforwedding.com\/it\/wp-json\/wp\/v2\/types\/page"}],"author":[{"embeddable":true,"href":"https:\/\/www.ibizaforwedding.com\/it\/wp-json\/wp\/v2\/users\/1"}],"replies":[{"embeddable":true,"href":"https:\/\/www.ibizaforwedding.com\/it\/wp-json\/wp\/v2\/comments?post=6786"}],"version-history":[{"count":27,"href":"https:\/\/www.ibizaforwedding.com\/it\/wp-json\/wp\/v2\/pages\/6786\/revisions"}],"predecessor-version":[{"id":7639,"href":"https:\/\/www.ibizaforwedding.com\/it\/wp-json\/wp\/v2\/pages\/6786\/revisions\/7639"}],"wp:attachment":[{"href":"https:\/\/www.ibizaforwedding.com\/it\/wp-json\/wp\/v2\/media?parent=6786"}],"curies":[{"name":"wp","href":"https:\/\/api.w.org\/{rel}","templated":true}]}}