{"id":994,"date":"2016-12-19T13:42:11","date_gmt":"2016-12-19T12:42:11","guid":{"rendered":"https:\/\/www.ibizaforwedding.com\/wedding-banqueting\/"},"modified":"2025-03-08T10:04:53","modified_gmt":"2025-03-08T09:04:53","slug":"banquete-boda-ibiza","status":"publish","type":"page","link":"https:\/\/www.ibizaforwedding.com\/es\/banquete-boda-ibiza\/","title":{"rendered":"Banquete de Boda Ibiza &#8211; Catering in Villa o Restaurante"},"content":{"rendered":"<p>[et_pb_section fb_built=\u00bb1&#8243; specialty=\u00bbon\u00bb custom_padding_last_edited=\u00bbon|phone\u00bb padding_top_1=\u00bb0px\u00bb padding_top_2=\u00bb0px\u00bb padding_bottom_1=\u00bb0px\u00bb padding_bottom_2=\u00bb0px\u00bb _builder_version=\u00bb4.16&#8243; background_color=\u00bb#ffffff\u00bb inner_width_tablet=\u00bb50px\u00bb inner_max_width_tablet=\u00bb50px\u00bb custom_margin=\u00bb3%||0%|\u00bb custom_margin_tablet=\u00bb\u00bb custom_margin_phone=\u00bb0%||\u00bb custom_margin_last_edited=\u00bbon|desktop\u00bb custom_padding=\u00bb||0px|||\u00bb custom_padding_tablet=\u00bb100px|0px|100px|0px\u00bb custom_padding_phone=\u00bb0px|0px|0px|0px|false|false\u00bb z_index_tablet=\u00bb500&#8243; global_colors_info=\u00bb{}\u00bb][et_pb_column type=\u00bb1_2&#8243; specialty_columns=\u00bb3&#8243; _builder_version=\u00bb4.16&#8243; custom_padding=\u00bb|||\u00bb global_colors_info=\u00bb{}\u00bb custom_padding__hover=\u00bb|||\u00bb][et_pb_row_inner module_class=\u00bblovely_medium_shadow_background\u00bb _builder_version=\u00bb4.16&#8243; background_size=\u00bbinitial\u00bb background_position=\u00bbtop_left\u00bb background_repeat=\u00bbrepeat\u00bb custom_margin_tablet=\u00bb100px|||\u00bb custom_margin_phone=\u00bb\u00bb custom_margin_last_edited=\u00bbon|phone\u00bb custom_padding=\u00bb0|0px|0|0px|true|false\u00bb border_width_all=\u00bb3px\u00bb border_color_all=\u00bb#ffffff\u00bb border_style_all=\u00bbsolid\u00bb global_colors_info=\u00bb{}\u00bb button_text_size__hover_enabled=\u00bboff\u00bb button_text_size__hover=\u00bbnull\u00bb button_one_text_size__hover_enabled=\u00bboff\u00bb button_one_text_size__hover=\u00bbnull\u00bb button_two_text_size__hover_enabled=\u00bboff\u00bb button_two_text_size__hover=\u00bbnull\u00bb button_text_color__hover_enabled=\u00bbon\u00bb button_text_color__hover=\u00bb#ffffff\u00bb button_one_text_color__hover_enabled=\u00bboff\u00bb button_one_text_color__hover=\u00bbnull\u00bb button_two_text_color__hover_enabled=\u00bboff\u00bb button_two_text_color__hover=\u00bbnull\u00bb button_border_width__hover_enabled=\u00bboff\u00bb button_border_width__hover=\u00bbnull\u00bb button_one_border_width__hover_enabled=\u00bboff\u00bb button_one_border_width__hover=\u00bbnull\u00bb button_two_border_width__hover_enabled=\u00bboff\u00bb button_two_border_width__hover=\u00bbnull\u00bb button_border_color__hover_enabled=\u00bboff\u00bb button_border_color__hover=\u00bbnull\u00bb button_one_border_color__hover_enabled=\u00bboff\u00bb button_one_border_color__hover=\u00bbnull\u00bb button_two_border_color__hover_enabled=\u00bboff\u00bb button_two_border_color__hover=\u00bbnull\u00bb button_border_radius__hover_enabled=\u00bbon\u00bb button_border_radius__hover=\u00bb0&#8243; button_one_border_radius__hover_enabled=\u00bboff\u00bb button_one_border_radius__hover=\u00bbnull\u00bb button_two_border_radius__hover_enabled=\u00bboff\u00bb button_two_border_radius__hover=\u00bbnull\u00bb button_letter_spacing__hover_enabled=\u00bboff\u00bb button_letter_spacing__hover=\u00bbnull\u00bb button_one_letter_spacing__hover_enabled=\u00bboff\u00bb button_one_letter_spacing__hover=\u00bbnull\u00bb button_two_letter_spacing__hover_enabled=\u00bboff\u00bb button_two_letter_spacing__hover=\u00bbnull\u00bb button_bg_color__hover_enabled=\u00bbon\u00bb button_bg_color__hover=\u00bb#000000&#8243; button_one_bg_color__hover_enabled=\u00bboff\u00bb button_one_bg_color__hover=\u00bbnull\u00bb button_two_bg_color__hover_enabled=\u00bboff\u00bb button_two_bg_color__hover=\u00bbnull\u00bb][et_pb_column_inner saved_specialty_column_type=\u00bb1_2&#8243; _builder_version=\u00bb4.16&#8243; custom_padding=\u00bb|||\u00bb global_colors_info=\u00bb{}\u00bb custom_padding__hover=\u00bb|||\u00bb][et_pb_image src=\u00bbhttps:\/\/www.ibizaforwedding.com\/wp-content\/uploads\/2025\/03\/Banquete_Boda_Ibiza_Villa_2022-min.jpg\u00bb alt=\u00bbMesa de boda en villa en Ibiza\u00bb title_text=\u00bbBanquete_Boda_Ibiza_Villa_2022-min\u00bb _builder_version=\u00bb4.27.4&#8243; _module_preset=\u00bbdefault\u00bb width=\u00bb97.7%\u00bb min_height=\u00bb360px\u00bb custom_margin=\u00bb13px|||||\u00bb global_colors_info=\u00bb{}\u00bb][\/et_pb_image][\/et_pb_column_inner][\/et_pb_row_inner][\/et_pb_column][et_pb_column type=\u00bb1_2&#8243; _builder_version=\u00bb4.16&#8243; custom_padding=\u00bb|||\u00bb global_colors_info=\u00bb{}\u00bb custom_padding__hover=\u00bb|||\u00bb][et_pb_text admin_label=\u00bbWelcome &#8211; Text\u00bb _builder_version=\u00bb4.27.4&#8243; text_font=\u00bbCormorant Garamond||||||||\u00bb text_font_size=\u00bb16px\u00bb text_line_height=\u00bb1.8em\u00bb header_font=\u00bb|||on|||||\u00bb header_text_color=\u00bb#a9882f\u00bb header_2_font=\u00bb|700|||||||\u00bb header_2_font_size=\u00bb24px\u00bb header_3_font=\u00bbCottage||||||||\u00bb header_3_font_size=\u00bb45px\u00bb header_3_line_height=\u00bb1.5em\u00bb header_5_font=\u00bb|700||on|||||\u00bb header_5_text_color=\u00bb#a9882f\u00bb header_5_letter_spacing=\u00bb15px\u00bb header_5_line_height=\u00bb1.8em\u00bb max_width_tablet=\u00bb\u00bb max_width_phone=\u00bb\u00bb max_width_last_edited=\u00bbon|desktop\u00bb module_alignment=\u00bbright\u00bb custom_margin=\u00bb|||\u00bb custom_padding=\u00bb|||\u00bb hover_enabled=\u00bb0&#8243; z_index_tablet=\u00bb500&#8243; global_colors_info=\u00bb{}\u00bb sticky_enabled=\u00bb0&#8243;]<\/p>\n<div>\n<h1 class=\" center\">BANQUETE DE BODA en Ibiza y Formentera<\/h1>\n<h2>GASTRONOM\u00cdA DE AUTOR<\/h2>\n<p>Si no sois de cocina de autor, ese d\u00eda los ser\u00e9is, pues vosotros elegir\u00e9is de forma totalmente personalizada el estilo de cocina, el chef, el equipo, los vinos y bebidas, la decoraci\u00f3n de las mesas, cada detalle. Ibiza ofrece todas las opciones gastron\u00f3micas: mediterr\u00e1nea, japonesa, tailandesa, peruana, kosher, etc. Hay que mirarlo todo: el ambiente, la emoci\u00f3n y la belleza de un banquete de boda.<\/p>\n<h4>Restaurante o Catering en Villa \u00a0en Ibiza y Formentera<\/h4>\n<p>Normalmente recepci\u00f3n y banquete se articula en la manera siguiente:<\/p>\n<ul>\n<li>Recepci\u00f3n con aperitivo de de pie<\/li>\n<li>Entrantes<\/li>\n<li>Platos principales<\/li>\n<li>Dulces y tarta de boda<\/li>\n<li>Fiesta y barra libre<\/li>\n<\/ul>\n<\/div>\n<p>[\/et_pb_text][\/et_pb_column][\/et_pb_section][et_pb_section fb_built=\u00bb1&#8243; _builder_version=\u00bb4.16&#8243; custom_margin=\u00bb0px||0px|\u00bb custom_padding=\u00bb0px||0px|\u00bb z_index_tablet=\u00bb500&#8243; global_colors_info=\u00bb{}\u00bb][et_pb_row _builder_version=\u00bb4.16&#8243; custom_margin=\u00bb0px||0px|\u00bb custom_padding=\u00bb0px||0px|\u00bb z_index_tablet=\u00bb500&#8243; global_colors_info=\u00bb{}\u00bb][et_pb_column type=\u00bb4_4&#8243; _builder_version=\u00bb4.16&#8243; custom_padding=\u00bb|||\u00bb global_colors_info=\u00bb{}\u00bb custom_padding__hover=\u00bb|||\u00bb][et_pb_divider _builder_version=\u00bb4.16&#8243; custom_margin=\u00bb0px||0px|\u00bb custom_padding=\u00bb0px|0px|0px|0px\u00bb z_index_tablet=\u00bb500&#8243; global_colors_info=\u00bb{}\u00bb][\/et_pb_divider][et_pb_text admin_label=\u00bbWelcome &#8211; Text\u00bb _builder_version=\u00bb4.27.4&#8243; text_font=\u00bbCormorant Garamond||||||||\u00bb text_font_size=\u00bb16px\u00bb text_line_height=\u00bb1.8em\u00bb header_font=\u00bb|||on|||||\u00bb header_text_color=\u00bb#a9882f\u00bb header_2_font=\u00bb|700|||||||\u00bb header_2_font_size=\u00bb24px\u00bb header_3_font=\u00bbCottage||||||||\u00bb header_3_font_size=\u00bb45px\u00bb header_3_line_height=\u00bb1.5em\u00bb header_5_font=\u00bb|700||on|||||\u00bb header_5_text_color=\u00bb#a9882f\u00bb header_5_letter_spacing=\u00bb15px\u00bb header_5_line_height=\u00bb1.8em\u00bb max_width_tablet=\u00bb\u00bb max_width_phone=\u00bb\u00bb max_width_last_edited=\u00bbon|desktop\u00bb module_alignment=\u00bbright\u00bb custom_margin=\u00bb0px||0px|\u00bb custom_padding=\u00bb0px||0px|\u00bb z_index_tablet=\u00bb500&#8243; global_colors_info=\u00bb{}\u00bb]<\/p>\n<p><em>\u00bfBuffet para la boda o plato servido a la mesa? Las que vos prefieren. <\/em><em>\u00a1Y despues del banquete todos a bailar con barra libre!<\/em><\/p>\n<p>&nbsp;<\/p>\n<p>[\/et_pb_text][\/et_pb_column][\/et_pb_row][\/et_pb_section][et_pb_section fb_built=\u00bb1&#8243; _builder_version=\u00bb4.16&#8243; background_color=\u00bb#294453&#8243; custom_margin=\u00bb0px||0px|\u00bb custom_padding=\u00bb0px|0px|0px|0px\u00bb z_index_tablet=\u00bb500&#8243; global_colors_info=\u00bb{}\u00bb][et_pb_row column_structure=\u00bb1_3,2_3&#8243; _builder_version=\u00bb4.16&#8243; max_width=\u00bb1080px\u00bb global_colors_info=\u00bb{}\u00bb][et_pb_column type=\u00bb1_3&#8243; _builder_version=\u00bb4.16&#8243; custom_padding=\u00bb|||\u00bb global_colors_info=\u00bb{}\u00bb custom_padding__hover=\u00bb|||\u00bb][et_pb_text _builder_version=\u00bb4.27.4&#8243; text_font=\u00bb||||||||\u00bb text_text_color=\u00bb#ffffff\u00bb header_font=\u00bb||||||||\u00bb header_4_font=\u00bb||||||||\u00bb header_4_text_color=\u00bb#ffffff\u00bb z_index_tablet=\u00bb500&#8243; global_colors_info=\u00bb{}\u00bb]<\/p>\n<h5><strong>Pide mas info<\/strong><\/h5>\n<p><strong>Tel:\u00a0<\/strong><strong><a href=\"tel:+34698535503\">+34698535503 <\/a><\/strong><strong style=\"font-size: 15px;\"> o rellena el formulario.<\/strong><\/p>\n<p style=\"text-align: justify;\"><span><\/span><\/p>\n<p>[\/et_pb_text][\/et_pb_column][et_pb_column type=\u00bb2_3&#8243; _builder_version=\u00bb4.16&#8243; custom_padding=\u00bb|||\u00bb global_colors_info=\u00bb{}\u00bb custom_padding__hover=\u00bb|||\u00bb][et_pb_contact_form captcha=\u00bboff\u00bb email=\u00bbinfo@ibizaforwedding.com\u00bb _builder_version=\u00bb4.27.4&#8243; _unique_id=\u00bbaa2c448a-4167-4784-ad64-c1ec1551a804&#8243; form_field_font=\u00bb||||||||\u00bb custom_button=\u00bbon\u00bb button_font=\u00bbTrebuchet|600|||||||\u00bb button_use_icon=\u00bboff\u00bb z_index_tablet=\u00bb500&#8243; global_colors_info=\u00bb{}\u00bb][et_pb_contact_field field_id=\u00bbNombre\u00bb field_title=\u00bbNombre\u00bb _builder_version=\u00bb4.27.4&#8243; form_field_background_color=\u00bb#ffffff\u00bb form_field_text_color=\u00bb#a9882f\u00bb form_field_font=\u00bb|800|||||||\u00bb border_width_all=\u00bb2px\u00bb border_color_all=\u00bb#bcbcbc\u00bb field_background_color=\u00bb#ffffff\u00bb global_colors_info=\u00bb{}\u00bb][\/et_pb_contact_field][et_pb_contact_field field_id=\u00bbTEL\u00bb field_title=\u00bbTEL\u00bb _builder_version=\u00bb4.27.4&#8243; form_field_text_color=\u00bb#a9882f\u00bb form_field_font=\u00bb|800|||||||\u00bb global_colors_info=\u00bb{}\u00bb][\/et_pb_contact_field][et_pb_contact_field field_id=\u00bbEmail\u00bb field_title=\u00bbYour e-mail\u00bb field_type=\u00bbemail\u00bb _builder_version=\u00bb4.16&#8243; form_field_text_color=\u00bb#a9882f\u00bb form_field_font=\u00bb|800|||||||\u00bb border_width_all=\u00bb2px\u00bb border_color_all=\u00bb#bcbcbc\u00bb global_colors_info=\u00bb{}\u00bb][\/et_pb_contact_field][et_pb_contact_field field_id=\u00bbAsunto\u00bb field_title=\u00bbAsunto\u00bb _builder_version=\u00bb4.27.4&#8243; form_field_text_color=\u00bb#a9882f\u00bb form_field_font=\u00bb|800|||||||\u00bb border_width_all=\u00bb2px\u00bb border_color_all=\u00bb#bcbcbc\u00bb global_colors_info=\u00bb{}\u00bb][\/et_pb_contact_field][et_pb_contact_field field_id=\u00bbPedido\u00bb field_title=\u00bbPedido\u00bb field_type=\u00bbtext\u00bb fullwidth_field=\u00bbon\u00bb _builder_version=\u00bb4.27.4&#8243; form_field_text_color=\u00bb#a9882f\u00bb form_field_font=\u00bb|800|||||||\u00bb form_field_line_height=\u00bb1.7em\u00bb border_width_all=\u00bb2px\u00bb border_color_all=\u00bb#bcbcbc\u00bb global_colors_info=\u00bb{}\u00bb][\/et_pb_contact_field][\/et_pb_contact_form][\/et_pb_column][\/et_pb_row][\/et_pb_section]<\/p>\n","protected":false},"excerpt":{"rendered":"<p>BANQUETE DE BODA en Ibiza y Formentera GASTRONOM\u00cdA DE AUTOR Si no sois de cocina de autor, ese d\u00eda los ser\u00e9is, pues vosotros elegir\u00e9is de forma totalmente personalizada el estilo de cocina, el chef, el equipo, los vinos y bebidas, la decoraci\u00f3n de las mesas, cada detalle. Ibiza ofrece todas las opciones gastron\u00f3micas: mediterr\u00e1nea, japonesa, [&hellip;]<\/p>\n","protected":false},"author":3,"featured_media":0,"parent":0,"menu_order":0,"comment_status":"closed","ping_status":"closed","template":"","meta":{"_et_pb_use_builder":"on","_et_pb_old_content":"[vc_row][vc_column][vc_single_image image=\"828\" img_size=\"large\" alignment=\"center\"][vc_empty_space][\/vc_column][\/vc_row][vc_row][vc_column][title_nd title=\"A successfully Ibiza wedding reception with our banquets and catering partners.\" tag=\"h1\" align=\"center\"][vc_empty_space][vc_column_text]\r\n<p style=\"text-align: justify;\">A <strong>Ibiza wedding banquet<\/strong> is a part of a successful marriage; you can either choose to go to a restaurant or to have a wedding catering in <a href=\"\/wedding-locations-ibiza\/villas\/\" target=\"_blank\" rel=\"noopener\"><u>a villa<\/u><\/a>. By choosing a restaurant you will also choose a <strong>style of cooking<\/strong>: you could choose a chef with a reputation.<\/p>\r\n<p style=\"text-align: justify;\">Choosing a wedding banquet in Ibiza is something different: first of all, the menus are <strong>tailored according to the customers\u2019 needs<\/strong> and, above that, it is possible to choose different food styles and traditions: Mediterranean, Asiatic, Kosher, etc.<\/p>\r\n<p style=\"text-align: justify;\">We work with <strong>carefully selected restaurants<\/strong> and caterers able to provide a quality wedding banquet in Ibiza and Formentera, so that you and your guests can enjoy a <strong>superb dining experience<\/strong>. Generally, the menu for a wedding banquet comprehends:<\/p>\r\n\r\n<ul>\r\n \t<li>Aperitif with finger food and sparkling wine (champagne, prosecco or cava)<\/li>\r\n \t<li>Appetizer<\/li>\r\n \t<li>Two main courses<\/li>\r\n \t<li>Desserts<\/li>\r\n \t<li>Wedding cake<\/li>\r\n<\/ul>\r\nAppetizers, main courses and desserts can be served either as buffet or seated.\r\n\r\nThen the \"real\" <strong>wedding party<\/strong> (dancing and open bar service) starts!\r\n\r\nPossible to have: dj set, live bands, dancers and performers.[\/vc_column_text][vc_empty_space][\/vc_column][\/vc_row][vc_row][vc_column][vc_column_text]\r\n<h2 style=\"text-align: center;\"><\/h2>\r\n<div align=\"JUSTIFY\"><strong>Please, contact us \u00a0for more details<\/strong><\/div>\r\n<div align=\"JUSTIFY\">Call UK office:\u00a0<strong><a href=\"tel:+442080779463\">+442080779463<\/a><\/strong> or fill in the form.<\/div>\r\n[contact-form-7 id=\"1023\" title=\"Form EN\"][\/vc_column_text][vc_empty_space][\/vc_column][\/vc_row]","_et_gb_content_width":"","footnotes":""},"class_list":["post-994","page","type-page","status-publish","hentry"],"yoast_head":"<!-- This site is optimized with the Yoast SEO Premium plugin v27.1 (Yoast SEO v27.4) - https:\/\/yoast.com\/product\/yoast-seo-premium-wordpress\/ -->\n<title>BANQUETE DE BODA IBIZA Y FORMENTERA | PIDE NOS<\/title>\n<meta name=\"description\" content=\"Nos ofrecemos una selecci\u00f3n de catering y restaurantes con garant\u00eda de calidad y sabor para tu banquete de boda en Ibiza y Formentera.\" \/>\n<meta name=\"robots\" content=\"index, follow, max-snippet:-1, max-image-preview:large, max-video-preview:-1\" \/>\n<link rel=\"canonical\" href=\"https:\/\/www.ibizaforwedding.com\/es\/banquete-boda-ibiza\/\" \/>\n<meta property=\"og:locale\" content=\"es_ES\" \/>\n<meta property=\"og:type\" content=\"article\" \/>\n<meta property=\"og:title\" content=\"Banquete de Boda Ibiza - Catering in Villa o Restaurante\" \/>\n<meta property=\"og:description\" content=\"Nos ofrecemos una selecci\u00f3n de catering y restaurantes con garant\u00eda de calidad y sabor para tu banquete de boda en Ibiza y Formentera.\" \/>\n<meta property=\"og:url\" content=\"https:\/\/www.ibizaforwedding.com\/es\/banquete-boda-ibiza\/\" \/>\n<meta property=\"og:site_name\" content=\"Ibiza for wedding\" \/>\n<meta property=\"article:modified_time\" content=\"2025-03-08T09:04:53+00:00\" \/>\n<meta name=\"twitter:card\" content=\"summary_large_image\" \/>\n<meta name=\"twitter:label1\" content=\"Tiempo de lectura\" \/>\n\t<meta name=\"twitter:data1\" content=\"1 minuto\" \/>\n<script type=\"application\/ld+json\" class=\"yoast-schema-graph\">{\"@context\":\"https:\\\/\\\/schema.org\",\"@graph\":[{\"@type\":\"WebPage\",\"@id\":\"https:\\\/\\\/www.ibizaforwedding.com\\\/es\\\/banquete-boda-ibiza\\\/\",\"url\":\"https:\\\/\\\/www.ibizaforwedding.com\\\/es\\\/banquete-boda-ibiza\\\/\",\"name\":\"BANQUETE DE BODA IBIZA Y FORMENTERA | PIDE NOS\",\"isPartOf\":{\"@id\":\"https:\\\/\\\/www.ibizaforwedding.com\\\/es\\\/#website\"},\"datePublished\":\"2016-12-19T12:42:11+00:00\",\"dateModified\":\"2025-03-08T09:04:53+00:00\",\"description\":\"Nos ofrecemos una selecci\u00f3n de catering y restaurantes con garant\u00eda de calidad y sabor para tu banquete de boda en Ibiza y Formentera.\",\"breadcrumb\":{\"@id\":\"https:\\\/\\\/www.ibizaforwedding.com\\\/es\\\/banquete-boda-ibiza\\\/#breadcrumb\"},\"inLanguage\":\"es\",\"potentialAction\":[{\"@type\":\"ReadAction\",\"target\":[\"https:\\\/\\\/www.ibizaforwedding.com\\\/es\\\/banquete-boda-ibiza\\\/\"]}]},{\"@type\":\"BreadcrumbList\",\"@id\":\"https:\\\/\\\/www.ibizaforwedding.com\\\/es\\\/banquete-boda-ibiza\\\/#breadcrumb\",\"itemListElement\":[{\"@type\":\"ListItem\",\"position\":1,\"name\":\"Home\",\"item\":\"https:\\\/\\\/www.ibizaforwedding.com\\\/es\\\/\"},{\"@type\":\"ListItem\",\"position\":2,\"name\":\"Banquete de Boda Ibiza &#8211; Catering in Villa o Restaurante\"}]},{\"@type\":\"WebSite\",\"@id\":\"https:\\\/\\\/www.ibizaforwedding.com\\\/es\\\/#website\",\"url\":\"https:\\\/\\\/www.ibizaforwedding.com\\\/es\\\/\",\"name\":\"Ibiza for wedding\",\"description\":\"Weddings in Ibiza and Formentera\",\"publisher\":{\"@id\":\"https:\\\/\\\/www.ibizaforwedding.com\\\/es\\\/#organization\"},\"potentialAction\":[{\"@type\":\"SearchAction\",\"target\":{\"@type\":\"EntryPoint\",\"urlTemplate\":\"https:\\\/\\\/www.ibizaforwedding.com\\\/es\\\/?s={search_term_string}\"},\"query-input\":{\"@type\":\"PropertyValueSpecification\",\"valueRequired\":true,\"valueName\":\"search_term_string\"}}],\"inLanguage\":\"es\"},{\"@type\":\"Organization\",\"@id\":\"https:\\\/\\\/www.ibizaforwedding.com\\\/es\\\/#organization\",\"name\":\"ibiza for wedding\",\"url\":\"https:\\\/\\\/www.ibizaforwedding.com\\\/es\\\/\",\"logo\":{\"@type\":\"ImageObject\",\"inLanguage\":\"es\",\"@id\":\"https:\\\/\\\/www.ibizaforwedding.com\\\/es\\\/#\\\/schema\\\/logo\\\/image\\\/\",\"url\":\"https:\\\/\\\/www.ibizaforwedding.com\\\/wp-content\\\/uploads\\\/2018\\\/03\\\/ibiza-for-wedding-logo.jpg\",\"contentUrl\":\"https:\\\/\\\/www.ibizaforwedding.com\\\/wp-content\\\/uploads\\\/2018\\\/03\\\/ibiza-for-wedding-logo.jpg\",\"width\":282,\"height\":50,\"caption\":\"ibiza for wedding\"},\"image\":{\"@id\":\"https:\\\/\\\/www.ibizaforwedding.com\\\/es\\\/#\\\/schema\\\/logo\\\/image\\\/\"},\"sameAs\":[\"https:\\\/\\\/www.instagram.com\\\/ibizaforwedding\\\/\"]}]}<\/script>\n<!-- \/ Yoast SEO Premium plugin. -->","yoast_head_json":{"title":"BANQUETE DE BODA IBIZA Y FORMENTERA | PIDE NOS","description":"Nos ofrecemos una selecci\u00f3n de catering y restaurantes con garant\u00eda de calidad y sabor para tu banquete de boda en Ibiza y Formentera.","robots":{"index":"index","follow":"follow","max-snippet":"max-snippet:-1","max-image-preview":"max-image-preview:large","max-video-preview":"max-video-preview:-1"},"canonical":"https:\/\/www.ibizaforwedding.com\/es\/banquete-boda-ibiza\/","og_locale":"es_ES","og_type":"article","og_title":"Banquete de Boda Ibiza - Catering in Villa o Restaurante","og_description":"Nos ofrecemos una selecci\u00f3n de catering y restaurantes con garant\u00eda de calidad y sabor para tu banquete de boda en Ibiza y Formentera.","og_url":"https:\/\/www.ibizaforwedding.com\/es\/banquete-boda-ibiza\/","og_site_name":"Ibiza for wedding","article_modified_time":"2025-03-08T09:04:53+00:00","twitter_card":"summary_large_image","twitter_misc":{"Tiempo de lectura":"1 minuto"},"schema":{"@context":"https:\/\/schema.org","@graph":[{"@type":"WebPage","@id":"https:\/\/www.ibizaforwedding.com\/es\/banquete-boda-ibiza\/","url":"https:\/\/www.ibizaforwedding.com\/es\/banquete-boda-ibiza\/","name":"BANQUETE DE BODA IBIZA Y FORMENTERA | PIDE NOS","isPartOf":{"@id":"https:\/\/www.ibizaforwedding.com\/es\/#website"},"datePublished":"2016-12-19T12:42:11+00:00","dateModified":"2025-03-08T09:04:53+00:00","description":"Nos ofrecemos una selecci\u00f3n de catering y restaurantes con garant\u00eda de calidad y sabor para tu banquete de boda en Ibiza y Formentera.","breadcrumb":{"@id":"https:\/\/www.ibizaforwedding.com\/es\/banquete-boda-ibiza\/#breadcrumb"},"inLanguage":"es","potentialAction":[{"@type":"ReadAction","target":["https:\/\/www.ibizaforwedding.com\/es\/banquete-boda-ibiza\/"]}]},{"@type":"BreadcrumbList","@id":"https:\/\/www.ibizaforwedding.com\/es\/banquete-boda-ibiza\/#breadcrumb","itemListElement":[{"@type":"ListItem","position":1,"name":"Home","item":"https:\/\/www.ibizaforwedding.com\/es\/"},{"@type":"ListItem","position":2,"name":"Banquete de Boda Ibiza &#8211; Catering in Villa o Restaurante"}]},{"@type":"WebSite","@id":"https:\/\/www.ibizaforwedding.com\/es\/#website","url":"https:\/\/www.ibizaforwedding.com\/es\/","name":"Ibiza for wedding","description":"Weddings in Ibiza and Formentera","publisher":{"@id":"https:\/\/www.ibizaforwedding.com\/es\/#organization"},"potentialAction":[{"@type":"SearchAction","target":{"@type":"EntryPoint","urlTemplate":"https:\/\/www.ibizaforwedding.com\/es\/?s={search_term_string}"},"query-input":{"@type":"PropertyValueSpecification","valueRequired":true,"valueName":"search_term_string"}}],"inLanguage":"es"},{"@type":"Organization","@id":"https:\/\/www.ibizaforwedding.com\/es\/#organization","name":"ibiza for wedding","url":"https:\/\/www.ibizaforwedding.com\/es\/","logo":{"@type":"ImageObject","inLanguage":"es","@id":"https:\/\/www.ibizaforwedding.com\/es\/#\/schema\/logo\/image\/","url":"https:\/\/www.ibizaforwedding.com\/wp-content\/uploads\/2018\/03\/ibiza-for-wedding-logo.jpg","contentUrl":"https:\/\/www.ibizaforwedding.com\/wp-content\/uploads\/2018\/03\/ibiza-for-wedding-logo.jpg","width":282,"height":50,"caption":"ibiza for wedding"},"image":{"@id":"https:\/\/www.ibizaforwedding.com\/es\/#\/schema\/logo\/image\/"},"sameAs":["https:\/\/www.instagram.com\/ibizaforwedding\/"]}]}},"_links":{"self":[{"href":"https:\/\/www.ibizaforwedding.com\/es\/wp-json\/wp\/v2\/pages\/994","targetHints":{"allow":["GET"]}}],"collection":[{"href":"https:\/\/www.ibizaforwedding.com\/es\/wp-json\/wp\/v2\/pages"}],"about":[{"href":"https:\/\/www.ibizaforwedding.com\/es\/wp-json\/wp\/v2\/types\/page"}],"author":[{"embeddable":true,"href":"https:\/\/www.ibizaforwedding.com\/es\/wp-json\/wp\/v2\/users\/3"}],"replies":[{"embeddable":true,"href":"https:\/\/www.ibizaforwedding.com\/es\/wp-json\/wp\/v2\/comments?post=994"}],"version-history":[{"count":8,"href":"https:\/\/www.ibizaforwedding.com\/es\/wp-json\/wp\/v2\/pages\/994\/revisions"}],"predecessor-version":[{"id":7389,"href":"https:\/\/www.ibizaforwedding.com\/es\/wp-json\/wp\/v2\/pages\/994\/revisions\/7389"}],"wp:attachment":[{"href":"https:\/\/www.ibizaforwedding.com\/es\/wp-json\/wp\/v2\/media?parent=994"}],"curies":[{"name":"wp","href":"https:\/\/api.w.org\/{rel}","templated":true}]}}