{"id":7773,"date":"2025-03-22T12:33:54","date_gmt":"2025-03-22T11:33:54","guid":{"rendered":"https:\/\/www.ibizaforwedding.com\/?page_id=7773"},"modified":"2025-03-22T13:00:14","modified_gmt":"2025-03-22T12:00:14","slug":"bodas_en_formentera","status":"publish","type":"page","link":"https:\/\/www.ibizaforwedding.com\/es\/bodas_en_formentera\/","title":{"rendered":"Bodas en Formentera"},"content":{"rendered":"<p>[et_pb_section fb_built=\u00bb1&#8243; _builder_version=\u00bb4.16&#8243; global_colors_info=\u00bb{}\u00bb][et_pb_row _builder_version=\u00bb4.27.4&#8243; _module_preset=\u00bbdefault\u00bb global_colors_info=\u00bb{}\u00bb][et_pb_column type=\u00bb4_4&#8243; _builder_version=\u00bb4.27.4&#8243; _module_preset=\u00bbdefault\u00bb global_colors_info=\u00bb{}\u00bb][et_pb_image src=\u00bbhttps:\/\/www.ibizaforwedding.com\/wp-content\/uploads\/2025\/03\/Boda_Formentera_2024_Mar-scaled.jpg\u00bb alt=\u00bbPareja casada en Formentera en 2024&#8243; title_text=\u00bbBoda_Formentera_2024_Mar\u00bb _builder_version=\u00bb4.27.4&#8243; _module_preset=\u00bbdefault\u00bb global_colors_info=\u00bb{}\u00bb][\/et_pb_image][\/et_pb_column][\/et_pb_row][et_pb_row _builder_version=\u00bb4.16&#8243; background_size=\u00bbinitial\u00bb background_position=\u00bbtop_left\u00bb background_repeat=\u00bbrepeat\u00bb global_colors_info=\u00bb{}\u00bb][et_pb_column type=\u00bb4_4&#8243; _builder_version=\u00bb4.16&#8243; custom_padding=\u00bb|||\u00bb global_colors_info=\u00bb{}\u00bb custom_padding__hover=\u00bb|||\u00bb][et_pb_text _builder_version=\u00bb4.27.4&#8243; background_size=\u00bbinitial\u00bb background_position=\u00bbtop_left\u00bb background_repeat=\u00bbrepeat\u00bb hover_enabled=\u00bb0&#8243; global_colors_info=\u00bb{}\u00bb sticky_enabled=\u00bb0&#8243;]<\/p>\n<h1 style=\"text-align: justify;\">Bodas en Formentera, donde casarse  y celebrar tu boda.<\/h1>\n<h2 style=\"text-align: justify;\">Ceremonia de Boda en la iglesia<\/h2>\n<ul style=\"text-align: justify;\">\n<li>Documentaci\u00f3n para bodas religiosa<\/li>\n<li>Flores, decoraciones, folletos lit\u00fargicos, m\u00fasica\/cantante<\/li>\n<li>Los documentos deben solicitarse dentro de los 6 meses anteriores a la fecha de vuestra<br \/>\nmatrimonio, NO antes.<\/li>\n<\/ul>\n<h2>Ceremonia de boda Simbolica<\/h2>\n<ul>\n<li>En la playa o en un acantilado frente al mar mare<\/li>\n<li><span style=\"font-size: medium;\">Nos recodrdamos que la playa partenece a todos <\/span><\/li>\n<li><span style=\"font-size: medium;\">Puesta del sol si , puesta del sol no? <\/span><\/li>\n<li><span style=\"font-size: medium;\">Flores, decoraci\u00f3n, m\u00fasica\/cantante (viol\u00edn, sax, guitarra, guitarra y voz), celebrante y discurso bajo petici\u00f3n.<\/span><\/li>\n<\/ul>\n<hr \/>\n<h2 class=\"western\" style=\"text-align: left;\" align=\"center\">Banquete de boda en Formentera<\/h2>\n<ul>\n<li>Restaurante, beach club o chiringuito frente al mar.<\/li>\n<li>Restaurante rural con jardin<\/li>\n<li><span style=\"color: #000080;\"><a style=\"color: #000080;\" href=\"\/es\/lugares-boda-formentera\/\">Villa<\/a><\/span> vista mare (o meno)<\/li>\n<li>Boutique hotel<\/li>\n<\/ul>\n<p>\u00a1En cualquier caso, un <a href=\"https:\/\/www.ibizaforwedding.com\/es\/banquete-boda-ibiza\/\">banquete<\/a> digno de la ocasi\u00f3n!<\/p>\n<div align=\"JUSTIFY\"><a href=\"https:\/\/www.ibizaforwedding.com\/es\/contact-us\/\"><span style=\"text-decoration: underline;\"><strong>CONTACTANOS\u00a0<\/strong><\/span><\/a><\/div>\n<p>[\/et_pb_text][\/et_pb_column][\/et_pb_row][\/et_pb_section]<\/p>\n","protected":false},"excerpt":{"rendered":"<p>Bodas en Formentera, donde casarse y celebrar tu boda. Ceremonia de Boda en la iglesia Documentaci\u00f3n para bodas religiosa Flores, decoraciones, folletos lit\u00fargicos, m\u00fasica\/cantante Los documentos deben solicitarse dentro de los 6 meses anteriores a la fecha de vuestra matrimonio, NO antes. Ceremonia de boda Simbolica En la playa o en un acantilado frente al [&hellip;]<\/p>\n","protected":false},"author":1,"featured_media":7777,"parent":0,"menu_order":0,"comment_status":"closed","ping_status":"closed","template":"","meta":{"_et_pb_use_builder":"on","_et_pb_old_content":"<h1 style=\"text-align: justify;\">Bodas en Formentera, donde casarse en Formentera y celebrar tu boda.<\/h1><h2 style=\"text-align: justify;\">Ceremonia de Boda en una iglesia en Formentera<\/h2><ul style=\"text-align: justify;\"><li>Documentaci\u00f3n<\/li><li>Flores, decoraciones, folletos lit\u00fargicos, m\u00fasica\/cantante<\/li><li>Los documentos deben solicitarse dentro de los 6 meses anteriores a la fecha de vuestra<br \/>matrimonio, NO antes.<\/li><\/ul><h2>Ceremonia de boda Simbolica en Formentera<\/h2><ul><li>En la playa o en un acantilado frente al mar mare<\/li><li><span style=\"font-size: medium;\">NOs recodrdamos que la playa partenece a todos <\/span><\/li><li><span style=\"font-size: medium;\">Tramonto si , tramonto no? <\/span><\/li><li><span style=\"font-size: medium;\">Flores, decoraci\u00f3n, m\u00fasica\/cantante (viol\u00edn, sax, guitarra, guitarra y voz), celebrante y discurso bajo petici\u00f3n.<\/span><\/li><\/ul><hr \/><h2 class=\"western\" style=\"text-align: left;\" align=\"center\">Banquete de boda en Formentera<\/h2><ul><li>Restaurante, beach club o chiringuito frente al mar.<\/li><li>Restaurante rural con jardin<\/li><li><span style=\"color: #000080;\"><a style=\"color: #000080;\" href=\"\/es\/lugares-boda-formentera\/\">Villa<\/a><\/span> vista mare (o meno)<\/li><li>Boutique hotel<\/li><\/ul><p>In qualsiasi caso un<span style=\"color: #000080;\"> <a style=\"color: #000080;\" href=\"\/it\/banchetto-matrimonio\/\">banchetto<\/a> <\/span>all'altezza!<\/p><div align=\"JUSTIFY\"><span style=\"text-decoration: underline;\"><strong>CONTACENOS\u00a0<\/strong><\/span><\/div>","_et_gb_content_width":"","footnotes":""},"class_list":["post-7773","page","type-page","status-publish","has-post-thumbnail","hentry"],"yoast_head":"<!-- This site is optimized with the Yoast SEO Premium plugin v27.1 (Yoast SEO v27.4) - https:\/\/yoast.com\/product\/yoast-seo-premium-wordpress\/ -->\n<title>Bodas en Formentera, casarse en esta isla confiando en nosotros!<\/title>\n<meta name=\"description\" content=\"\u00bfCasarse en Formentera es tu sue\u00f1o? P\u00eddenos toda la informaci\u00f3n y detalles que quieras para tu boda en Formentera!\" \/>\n<meta name=\"robots\" content=\"index, follow, max-snippet:-1, max-image-preview:large, max-video-preview:-1\" \/>\n<link rel=\"canonical\" href=\"https:\/\/www.ibizaforwedding.com\/es\/bodas_en_formentera\/\" \/>\n<meta property=\"og:locale\" content=\"es_ES\" \/>\n<meta property=\"og:type\" content=\"article\" \/>\n<meta property=\"og:title\" content=\"Bodas en Formentera\" \/>\n<meta property=\"og:description\" content=\"\u00bfCasarse en Formentera es tu sue\u00f1o? P\u00eddenos toda la informaci\u00f3n y detalles que quieras para tu boda en Formentera!\" \/>\n<meta property=\"og:url\" content=\"https:\/\/www.ibizaforwedding.com\/es\/bodas_en_formentera\/\" \/>\n<meta property=\"og:site_name\" content=\"Ibiza for wedding\" \/>\n<meta property=\"article:modified_time\" content=\"2025-03-22T12:00:14+00:00\" \/>\n<meta property=\"og:image\" content=\"https:\/\/www.ibizaforwedding.com\/wp-content\/uploads\/2025\/03\/Boda_Formentera_2024_Mar-scaled.jpg\" \/>\n\t<meta property=\"og:image:width\" content=\"2560\" \/>\n\t<meta property=\"og:image:height\" content=\"1024\" \/>\n\t<meta property=\"og:image:type\" content=\"image\/jpeg\" \/>\n<meta name=\"twitter:card\" content=\"summary_large_image\" \/>\n<meta name=\"twitter:label1\" content=\"Tiempo de lectura\" \/>\n\t<meta name=\"twitter:data1\" content=\"1 minuto\" \/>\n<script type=\"application\/ld+json\" class=\"yoast-schema-graph\">{\"@context\":\"https:\\\/\\\/schema.org\",\"@graph\":[{\"@type\":\"WebPage\",\"@id\":\"https:\\\/\\\/www.ibizaforwedding.com\\\/es\\\/bodas_en_formentera\\\/\",\"url\":\"https:\\\/\\\/www.ibizaforwedding.com\\\/es\\\/bodas_en_formentera\\\/\",\"name\":\"Bodas en Formentera, casarse en esta isla confiando en nosotros!\",\"isPartOf\":{\"@id\":\"https:\\\/\\\/www.ibizaforwedding.com\\\/es\\\/#website\"},\"primaryImageOfPage\":{\"@id\":\"https:\\\/\\\/www.ibizaforwedding.com\\\/es\\\/bodas_en_formentera\\\/#primaryimage\"},\"image\":{\"@id\":\"https:\\\/\\\/www.ibizaforwedding.com\\\/es\\\/bodas_en_formentera\\\/#primaryimage\"},\"thumbnailUrl\":\"https:\\\/\\\/www.ibizaforwedding.com\\\/wp-content\\\/uploads\\\/2025\\\/03\\\/Boda_Formentera_2024_Mar-scaled.jpg\",\"datePublished\":\"2025-03-22T11:33:54+00:00\",\"dateModified\":\"2025-03-22T12:00:14+00:00\",\"description\":\"\u00bfCasarse en Formentera es tu sue\u00f1o? P\u00eddenos toda la informaci\u00f3n y detalles que quieras para tu boda en Formentera!\",\"breadcrumb\":{\"@id\":\"https:\\\/\\\/www.ibizaforwedding.com\\\/es\\\/bodas_en_formentera\\\/#breadcrumb\"},\"inLanguage\":\"es\",\"potentialAction\":[{\"@type\":\"ReadAction\",\"target\":[\"https:\\\/\\\/www.ibizaforwedding.com\\\/es\\\/bodas_en_formentera\\\/\"]}]},{\"@type\":\"ImageObject\",\"inLanguage\":\"es\",\"@id\":\"https:\\\/\\\/www.ibizaforwedding.com\\\/es\\\/bodas_en_formentera\\\/#primaryimage\",\"url\":\"https:\\\/\\\/www.ibizaforwedding.com\\\/wp-content\\\/uploads\\\/2025\\\/03\\\/Boda_Formentera_2024_Mar-scaled.jpg\",\"contentUrl\":\"https:\\\/\\\/www.ibizaforwedding.com\\\/wp-content\\\/uploads\\\/2025\\\/03\\\/Boda_Formentera_2024_Mar-scaled.jpg\",\"width\":2560,\"height\":1024,\"caption\":\"Pareja casada en Formentera en 2024\"},{\"@type\":\"BreadcrumbList\",\"@id\":\"https:\\\/\\\/www.ibizaforwedding.com\\\/es\\\/bodas_en_formentera\\\/#breadcrumb\",\"itemListElement\":[{\"@type\":\"ListItem\",\"position\":1,\"name\":\"Home\",\"item\":\"https:\\\/\\\/www.ibizaforwedding.com\\\/es\\\/\"},{\"@type\":\"ListItem\",\"position\":2,\"name\":\"Bodas en Formentera\"}]},{\"@type\":\"WebSite\",\"@id\":\"https:\\\/\\\/www.ibizaforwedding.com\\\/es\\\/#website\",\"url\":\"https:\\\/\\\/www.ibizaforwedding.com\\\/es\\\/\",\"name\":\"Ibiza for wedding\",\"description\":\"Weddings in Ibiza and Formentera\",\"publisher\":{\"@id\":\"https:\\\/\\\/www.ibizaforwedding.com\\\/es\\\/#organization\"},\"potentialAction\":[{\"@type\":\"SearchAction\",\"target\":{\"@type\":\"EntryPoint\",\"urlTemplate\":\"https:\\\/\\\/www.ibizaforwedding.com\\\/es\\\/?s={search_term_string}\"},\"query-input\":{\"@type\":\"PropertyValueSpecification\",\"valueRequired\":true,\"valueName\":\"search_term_string\"}}],\"inLanguage\":\"es\"},{\"@type\":\"Organization\",\"@id\":\"https:\\\/\\\/www.ibizaforwedding.com\\\/es\\\/#organization\",\"name\":\"ibiza for wedding\",\"url\":\"https:\\\/\\\/www.ibizaforwedding.com\\\/es\\\/\",\"logo\":{\"@type\":\"ImageObject\",\"inLanguage\":\"es\",\"@id\":\"https:\\\/\\\/www.ibizaforwedding.com\\\/es\\\/#\\\/schema\\\/logo\\\/image\\\/\",\"url\":\"https:\\\/\\\/www.ibizaforwedding.com\\\/wp-content\\\/uploads\\\/2018\\\/03\\\/ibiza-for-wedding-logo.jpg\",\"contentUrl\":\"https:\\\/\\\/www.ibizaforwedding.com\\\/wp-content\\\/uploads\\\/2018\\\/03\\\/ibiza-for-wedding-logo.jpg\",\"width\":282,\"height\":50,\"caption\":\"ibiza for wedding\"},\"image\":{\"@id\":\"https:\\\/\\\/www.ibizaforwedding.com\\\/es\\\/#\\\/schema\\\/logo\\\/image\\\/\"},\"sameAs\":[\"https:\\\/\\\/www.instagram.com\\\/ibizaforwedding\\\/\"]}]}<\/script>\n<!-- \/ Yoast SEO Premium plugin. -->","yoast_head_json":{"title":"Bodas en Formentera, casarse en esta isla confiando en nosotros!","description":"\u00bfCasarse en Formentera es tu sue\u00f1o? P\u00eddenos toda la informaci\u00f3n y detalles que quieras para tu boda en Formentera!","robots":{"index":"index","follow":"follow","max-snippet":"max-snippet:-1","max-image-preview":"max-image-preview:large","max-video-preview":"max-video-preview:-1"},"canonical":"https:\/\/www.ibizaforwedding.com\/es\/bodas_en_formentera\/","og_locale":"es_ES","og_type":"article","og_title":"Bodas en Formentera","og_description":"\u00bfCasarse en Formentera es tu sue\u00f1o? P\u00eddenos toda la informaci\u00f3n y detalles que quieras para tu boda en Formentera!","og_url":"https:\/\/www.ibizaforwedding.com\/es\/bodas_en_formentera\/","og_site_name":"Ibiza for wedding","article_modified_time":"2025-03-22T12:00:14+00:00","og_image":[{"width":2560,"height":1024,"url":"https:\/\/www.ibizaforwedding.com\/wp-content\/uploads\/2025\/03\/Boda_Formentera_2024_Mar-scaled.jpg","type":"image\/jpeg"}],"twitter_card":"summary_large_image","twitter_misc":{"Tiempo de lectura":"1 minuto"},"schema":{"@context":"https:\/\/schema.org","@graph":[{"@type":"WebPage","@id":"https:\/\/www.ibizaforwedding.com\/es\/bodas_en_formentera\/","url":"https:\/\/www.ibizaforwedding.com\/es\/bodas_en_formentera\/","name":"Bodas en Formentera, casarse en esta isla confiando en nosotros!","isPartOf":{"@id":"https:\/\/www.ibizaforwedding.com\/es\/#website"},"primaryImageOfPage":{"@id":"https:\/\/www.ibizaforwedding.com\/es\/bodas_en_formentera\/#primaryimage"},"image":{"@id":"https:\/\/www.ibizaforwedding.com\/es\/bodas_en_formentera\/#primaryimage"},"thumbnailUrl":"https:\/\/www.ibizaforwedding.com\/wp-content\/uploads\/2025\/03\/Boda_Formentera_2024_Mar-scaled.jpg","datePublished":"2025-03-22T11:33:54+00:00","dateModified":"2025-03-22T12:00:14+00:00","description":"\u00bfCasarse en Formentera es tu sue\u00f1o? P\u00eddenos toda la informaci\u00f3n y detalles que quieras para tu boda en Formentera!","breadcrumb":{"@id":"https:\/\/www.ibizaforwedding.com\/es\/bodas_en_formentera\/#breadcrumb"},"inLanguage":"es","potentialAction":[{"@type":"ReadAction","target":["https:\/\/www.ibizaforwedding.com\/es\/bodas_en_formentera\/"]}]},{"@type":"ImageObject","inLanguage":"es","@id":"https:\/\/www.ibizaforwedding.com\/es\/bodas_en_formentera\/#primaryimage","url":"https:\/\/www.ibizaforwedding.com\/wp-content\/uploads\/2025\/03\/Boda_Formentera_2024_Mar-scaled.jpg","contentUrl":"https:\/\/www.ibizaforwedding.com\/wp-content\/uploads\/2025\/03\/Boda_Formentera_2024_Mar-scaled.jpg","width":2560,"height":1024,"caption":"Pareja casada en Formentera en 2024"},{"@type":"BreadcrumbList","@id":"https:\/\/www.ibizaforwedding.com\/es\/bodas_en_formentera\/#breadcrumb","itemListElement":[{"@type":"ListItem","position":1,"name":"Home","item":"https:\/\/www.ibizaforwedding.com\/es\/"},{"@type":"ListItem","position":2,"name":"Bodas en Formentera"}]},{"@type":"WebSite","@id":"https:\/\/www.ibizaforwedding.com\/es\/#website","url":"https:\/\/www.ibizaforwedding.com\/es\/","name":"Ibiza for wedding","description":"Weddings in Ibiza and Formentera","publisher":{"@id":"https:\/\/www.ibizaforwedding.com\/es\/#organization"},"potentialAction":[{"@type":"SearchAction","target":{"@type":"EntryPoint","urlTemplate":"https:\/\/www.ibizaforwedding.com\/es\/?s={search_term_string}"},"query-input":{"@type":"PropertyValueSpecification","valueRequired":true,"valueName":"search_term_string"}}],"inLanguage":"es"},{"@type":"Organization","@id":"https:\/\/www.ibizaforwedding.com\/es\/#organization","name":"ibiza for wedding","url":"https:\/\/www.ibizaforwedding.com\/es\/","logo":{"@type":"ImageObject","inLanguage":"es","@id":"https:\/\/www.ibizaforwedding.com\/es\/#\/schema\/logo\/image\/","url":"https:\/\/www.ibizaforwedding.com\/wp-content\/uploads\/2018\/03\/ibiza-for-wedding-logo.jpg","contentUrl":"https:\/\/www.ibizaforwedding.com\/wp-content\/uploads\/2018\/03\/ibiza-for-wedding-logo.jpg","width":282,"height":50,"caption":"ibiza for wedding"},"image":{"@id":"https:\/\/www.ibizaforwedding.com\/es\/#\/schema\/logo\/image\/"},"sameAs":["https:\/\/www.instagram.com\/ibizaforwedding\/"]}]}},"_links":{"self":[{"href":"https:\/\/www.ibizaforwedding.com\/es\/wp-json\/wp\/v2\/pages\/7773","targetHints":{"allow":["GET"]}}],"collection":[{"href":"https:\/\/www.ibizaforwedding.com\/es\/wp-json\/wp\/v2\/pages"}],"about":[{"href":"https:\/\/www.ibizaforwedding.com\/es\/wp-json\/wp\/v2\/types\/page"}],"author":[{"embeddable":true,"href":"https:\/\/www.ibizaforwedding.com\/es\/wp-json\/wp\/v2\/users\/1"}],"replies":[{"embeddable":true,"href":"https:\/\/www.ibizaforwedding.com\/es\/wp-json\/wp\/v2\/comments?post=7773"}],"version-history":[{"count":6,"href":"https:\/\/www.ibizaforwedding.com\/es\/wp-json\/wp\/v2\/pages\/7773\/revisions"}],"predecessor-version":[{"id":7786,"href":"https:\/\/www.ibizaforwedding.com\/es\/wp-json\/wp\/v2\/pages\/7773\/revisions\/7786"}],"wp:featuredmedia":[{"embeddable":true,"href":"https:\/\/www.ibizaforwedding.com\/es\/wp-json\/wp\/v2\/media\/7777"}],"wp:attachment":[{"href":"https:\/\/www.ibizaforwedding.com\/es\/wp-json\/wp\/v2\/media?parent=7773"}],"curies":[{"name":"wp","href":"https:\/\/api.w.org\/{rel}","templated":true}]}}