{"id":6790,"date":"2025-02-17T13:29:51","date_gmt":"2025-02-17T12:29:51","guid":{"rendered":"https:\/\/www.ibizaforwedding.com\/servicios-de-bodas-en-ibiza\/"},"modified":"2025-02-18T01:15:34","modified_gmt":"2025-02-18T00:15:34","slug":"servicios-de-bodas-en-ibiza-2","status":"publish","type":"page","link":"https:\/\/www.ibizaforwedding.com\/es\/servicios-de-bodas-en-ibiza-2\/","title":{"rendered":"Servicios de bodas en Ibiza"},"content":{"rendered":"<p>[et_pb_section fb_built=\u00bb1&#8243; fullwidth=\u00bbon\u00bb admin_label=\u00bbHero Section\u00bb _builder_version=\u00bb4.16&#8243; background_color=\u00bbrgba(255,255,255,0.6)\u00bb use_background_color_gradient=\u00bbon\u00bb background_color_gradient_stops=\u00bb#ffffff 15%|rgba(255,255,255,0) 100%\u00bb background_color_gradient_start=\u00bb#ffffff\u00bb background_color_gradient_start_position=\u00bb15%\u00bb background_color_gradient_end=\u00bbrgba(255,255,255,0)\u00bb background_image=\u00bbhttp:\/\/demosdivi.lovelyconfetti.com\/halle\/wp-content\/uploads\/sites\/2\/2018\/12\/Emma_Fullwidth_header_01.jpg\u00bb background_blend=\u00bboverlay\u00bb custom_margin=\u00bb|10px||10px|false|false\u00bb animation_direction=\u00bbbottom\u00bb global_colors_info=\u00bb{}\u00bb][et_pb_fullwidth_header title=\u00bbQu\u00e9 hacer para tu boda en Ibiza o Formentera\u00bb subhead=\u00bbElija un organizador de bodas experimentado y un lugar para bodas que se adapte a su gusto\u00bb text_orientation=\u00bbcenter\u00bb background_overlay_color=\u00bbrgba(255,255,255,0.65)\u00bb admin_label=\u00bbHalle &#8211; Fullwidth header\u00bb _builder_version=\u00bb4.16&#8243; title_font_size=\u00bb36px\u00bb title_letter_spacing=\u00bb1px\u00bb title_line_height=\u00bb1.3em\u00bb subhead_font=\u00bb|||on|||||\u00bb subhead_font_size=\u00bb14px\u00bb subhead_letter_spacing=\u00bb8px\u00bb subhead_line_height=\u00bb2em\u00bb background_color=\u00bbrgba(255, 255, 255, 0)\u00bb background_image=\u00bbhttps:\/\/www.ibizaforwedding.com\/wp-content\/uploads\/2020\/02\/Copia-di-tamas-kooning-lansbergen-ibizaDSC_1304-e1646962483131.jpg\u00bb parallax=\u00bbon\u00bb parallax_method=\u00bbon\u00bb custom_button_one=\u00bbon\u00bb button_one_text_color=\u00bb#ffffff\u00bb button_one_border_width=\u00bb10px\u00bb button_one_letter_spacing=\u00bb6px\u00bb button_one_font=\u00bbOpen Sans||||\u00bb button_one_use_icon=\u00bboff\u00bb background_layout=\u00bblight\u00bb custom_padding=\u00bb5%||5%||true|\u00bb title_font_size_tablet=\u00bb32px\u00bb title_font_size_phone=\u00bb30px\u00bb title_font_size_last_edited=\u00bbon|desktop\u00bb global_colors_info=\u00bb{}\u00bb button_one_text_size__hover_enabled=\u00bboff\u00bb button_one_text_size__hover=\u00bbnull\u00bb button_two_text_size__hover_enabled=\u00bboff\u00bb button_two_text_size__hover=\u00bbnull\u00bb button_one_text_color__hover_enabled=\u00bboff\u00bb button_one_text_color__hover=\u00bbnull\u00bb button_two_text_color__hover_enabled=\u00bboff\u00bb button_two_text_color__hover=\u00bbnull\u00bb button_one_border_width__hover_enabled=\u00bboff\u00bb button_one_border_width__hover=\u00bbnull\u00bb button_two_border_width__hover_enabled=\u00bboff\u00bb button_two_border_width__hover=\u00bbnull\u00bb button_one_border_color__hover_enabled=\u00bboff\u00bb button_one_border_color__hover=\u00bbnull\u00bb button_two_border_color__hover_enabled=\u00bboff\u00bb button_two_border_color__hover=\u00bbnull\u00bb button_one_border_radius__hover_enabled=\u00bboff\u00bb button_one_border_radius__hover=\u00bbnull\u00bb button_two_border_radius__hover_enabled=\u00bboff\u00bb button_two_border_radius__hover=\u00bbnull\u00bb button_one_letter_spacing__hover_enabled=\u00bbon\u00bb button_one_letter_spacing__hover=\u00bb10px\u00bb button_two_letter_spacing__hover_enabled=\u00bboff\u00bb button_two_letter_spacing__hover=\u00bbnull\u00bb button_one_bg_color__hover_enabled=\u00bboff\u00bb button_one_bg_color__hover=\u00bbnull\u00bb button_two_bg_color__hover_enabled=\u00bboff\u00bb button_two_bg_color__hover=\u00bbnull\u00bb][\/et_pb_fullwidth_header][\/et_pb_section][et_pb_section fb_built=\u00bb1&#8243; _builder_version=\u00bb4.16&#8243; _module_preset=\u00bbdefault\u00bb global_colors_info=\u00bb{}\u00bb][et_pb_row column_structure=\u00bb1_2,1_2&#8243; _builder_version=\u00bb4.16&#8243; global_colors_info=\u00bb{}\u00bb][et_pb_column type=\u00bb1_2&#8243; _builder_version=\u00bb4.16&#8243; custom_padding=\u00bb|||\u00bb global_colors_info=\u00bb{}\u00bb custom_padding__hover=\u00bb|||\u00bb][et_pb_image src=\u00bbhttps:\/\/www.ibizaforwedding.com\/wp-content\/uploads\/2020\/02\/Copia-di-Rustic2-2.jpg\u00bb alt=\u00bbLos novios despu\u00e9s de la ceremonia de la boda\u00bb title_text=\u00bbLugar de celebraci\u00f3n de bodas rural chic en Ibiza\u00bb align_tablet=\u00bbcenter\u00bb align_phone=\u00bbcenter\u00bb align_last_edited=\u00bbon|desktop\u00bb _builder_version=\u00bb4.16&#8243; global_colors_info=\u00bb{}\u00bb][\/et_pb_image][\/et_pb_column][et_pb_column type=\u00bb1_2&#8243; _builder_version=\u00bb4.16&#8243; custom_padding=\u00bb|||\u00bb global_colors_info=\u00bb{}\u00bb custom_padding__hover=\u00bb|||\u00bb][et_pb_image src=\u00bbhttps:\/\/www.ibizaforwedding.com\/wp-content\/uploads\/2020\/01\/ibiza-wedding-venues-2020.jpg\u00bb alt=\u00bbCeremonia de boda en una villa con vistas al mar en Ibiza\u00bb title_text=\u00bbboda-ibiza-lugares-2020&#8243; align_tablet=\u00bbcenter\u00bb align_phone=\u00bbcenter\u00bb align_last_edited=\u00bbon|desktop\u00bb _builder_version=\u00bb4.16&#8243; global_colors_info=\u00bb{}\u00bb][\/et_pb_image][\/et_pb_column][\/et_pb_row][et_pb_row _builder_version=\u00bb4.16&#8243; _module_preset=\u00bbdefault\u00bb global_colors_info=\u00bb{}\u00bb][et_pb_column type=\u00bb4_4&#8243; _builder_version=\u00bb4.16&#8243; _module_preset=\u00bbdefault\u00bb global_colors_info=\u00bb{}\u00bb][et_pb_text admin_label=\u00bbText\u00bb _builder_version=\u00bb4.27.4&#8243; global_colors_info=\u00bb{}\u00bb]<\/p>\n<h3><strong>Planificaci\u00f3n y organizaci\u00f3n de bodas\u00a0<\/strong><\/h3>\n<p style=\"text-align: justify;\">El matrimonio es una promesa para toda la vida. El d\u00eda de la boda es uno de los d\u00edas m\u00e1s importantes de nuestra vida, por lo que su planificaci\u00f3n es un asunto muy cr\u00edtico. La mayor\u00eda de las parejas que se casan en Ibiza y Formentera provienen de la \u00abpen\u00ednsula\u00bb espa\u00f1ola o de otros pa\u00edses, lo que hace que la organizaci\u00f3n de la boda sea una tarea a\u00fan m\u00e1s compleja. Un wedding planner con sede entre Ibiza y Formentera conoce a los proveedores y prestadores de servicios locales, lo que garantiza que los novios disfruten plenamente de su d\u00eda especial sin una sola preocupaci\u00f3n.<\/p>\n<p>[\/et_pb_text][et_pb_button button_url=\u00bbhttps:\/\/www.ibizaforwedding.com\/es\/planificacion-boda-ibiza-fomentera\/\u00bb button_text=\u00bbm\u00e1s informaci\u00f3n\u00bb button_alignment=\u00bbcenter\u00bb admin_label=\u00bbButton &#8211; Wedding Planner\u00bb _builder_version=\u00bb4.16&#8243; custom_padding=\u00bb||0px|||\u00bb global_colors_info=\u00bb{}\u00bb][\/et_pb_button][et_pb_text _builder_version=\u00bb4.27.4&#8243; global_colors_info=\u00bb{}\u00bb]<\/p>\n<h3><strong>Lugares para Bodas\u00a0<\/strong><\/h3>\n<p style=\"text-align: justify;\">Ibiza y Formentera ofrecen belleza natural, clima templado y esp\u00edritu libre, lo que hace de la isla un destino perfecto para bodas. Podemos proponer una amplia gama de lugares para bodas y ubicaciones espec\u00edficas para bodas en ambas islas. La b\u00fasqueda de los lugares para la ceremonia y la recepci\u00f3n representa, probablemente, el primer elemento a considerar al planificar una boda.<br \/>Los novios siempre pueden elegir tener uno o dos lugares diferentes para la ceremonia y la recepci\u00f3n de su boda: iglesia m\u00e1s villa, villa todo en uno, acantilado + restaurante, restaurante todo en uno y otras combinaciones.<\/p>\n<p>[\/et_pb_text][et_pb_button button_url=\u00bbhttps:\/\/www.ibizaforwedding.com\/es\/lugares-bodas-ibiza-2\/\u00bb button_text=\u00bbm\u00e1s informaci\u00f3n\u00bb button_alignment=\u00bbcenter\u00bb admin_label=\u00bbButton &#8211; wedding venues\u00bb _builder_version=\u00bb4.16&#8243; global_colors_info=\u00bb{}\u00bb][\/et_pb_button][et_pb_text admin_label=\u00bbText\u00bb _builder_version=\u00bb4.27.4&#8243; global_colors_info=\u00bb{}\u00bb]<\/p>\n<h3><strong>Reception de Boda<\/strong><\/h3>\n<p style=\"text-align: justify;\">El banquete de bodas es parte de un matrimonio exitoso; se puede optar por ir a un restaurante o por contratar un catering para la boda en una villa.<br \/>Al elegir un restaurante tambi\u00e9n se elige un estilo de cocina: se puede contratar a un chef con reputaci\u00f3n. Hacer un banquete de boda \u00fanico en Ibiza (o Formentera) es algo posible: los men\u00fas se pueden adaptar seg\u00fan las necesidades de los clientes y, adem\u00e1s, es posible elegir diferentes estilos de comida y tradiciones: mediterr\u00e1nea, asi\u00e1tica, kosher, etc.<\/p>\n<p>[\/et_pb_text][et_pb_button button_url=\u00bbhttps:\/\/www.ibizaforwedding.com\/es\/banquete-boda-ibiza\/\u00bb button_text=\u00bbm\u00e1s informaci\u00f3n\u00bb button_alignment=\u00bbcenter\u00bb admin_label=\u00bbButton &#8211; Wedding Reception\u00bb _builder_version=\u00bb4.16&#8243; custom_padding=\u00bb||5px|||\u00bb global_colors_info=\u00bb{}\u00bb][\/et_pb_button][et_pb_text admin_label=\u00bbText\u00bb _builder_version=\u00bb4.27.4&#8243; global_colors_info=\u00bb{}\u00bb]<\/p>\n<h3><strong>Paquetes<\/strong><\/h3>\n<p style=\"text-align: justify;\">Aunque preferir\u00edamos personalizar y adaptar las propuestas de boda a las parejas, un paquete de bodas puede ofrecer una buena relaci\u00f3n calidad-precio. Por lo general, incluye el alquiler del lugar, el coordinador de bodas, el montaje de la ceremonia, la comida y las bebidas, el montaje y la decoraci\u00f3n de las mesas, la fotograf\u00eda y la m\u00fasica. Consulta para m\u00e1s informaci\u00f3n.<\/p>\n<p>[\/et_pb_text][et_pb_button button_url=\u00bbhttps:\/\/www.ibizaforwedding.com\/es\/paquetes-de-bodas-en-ibiza\/\u00bb button_text=\u00bbm\u00e1s informaci\u00f3n\u00bb button_alignment=\u00bbcenter\u00bb admin_label=\u00bbButton &#8211; Wedding Reception\u00bb _builder_version=\u00bb4.27.4&#8243; global_colors_info=\u00bb{}\u00bb][\/et_pb_button][\/et_pb_column][\/et_pb_row][\/et_pb_section][et_pb_section fb_built=\u00bb1&#8243; _builder_version=\u00bb4.16&#8243; background_color=\u00bb#294453&#8243; custom_margin=\u00bb0px||0px|\u00bb custom_padding=\u00bb0px|0px|0px|0px\u00bb z_index_tablet=\u00bb500&#8243; locked=\u00bboff\u00bb global_colors_info=\u00bb{}\u00bb][et_pb_row column_structure=\u00bb1_3,2_3&#8243; _builder_version=\u00bb4.16&#8243; max_width=\u00bb1080px\u00bb global_colors_info=\u00bb{}\u00bb][et_pb_column type=\u00bb1_3&#8243; _builder_version=\u00bb4.16&#8243; custom_padding=\u00bb|||\u00bb global_colors_info=\u00bb{}\u00bb custom_padding__hover=\u00bb|||\u00bb][et_pb_text _builder_version=\u00bb4.16&#8243; text_font=\u00bb||||||||\u00bb text_text_color=\u00bb#ffffff\u00bb header_font=\u00bb||||||||\u00bb header_4_font=\u00bb||||||||\u00bb header_4_text_color=\u00bb#ffffff\u00bb z_index_tablet=\u00bb500&#8243; global_colors_info=\u00bb{}\u00bb]<\/p>\n<h5><strong>Cont\u00e1ctenos<\/strong><\/h5>\n<p><strong>Llama:\u00a0<\/strong><strong><a href=\"tel:+34698535503\">+34698535503 <\/a><\/strong><strong style=\"font-size: 15px;\">or rellena el formulario.<\/strong><\/p>\n<p style=\"text-align: justify;\"><span><\/span><\/p>\n<p>[\/et_pb_text][\/et_pb_column][et_pb_column type=\u00bb2_3&#8243; _builder_version=\u00bb4.16&#8243; custom_padding=\u00bb|||\u00bb global_colors_info=\u00bb{}\u00bb custom_padding__hover=\u00bb|||\u00bb][et_pb_contact_form captcha=\u00bboff\u00bb email=\u00bbinfo@ibizaforwedding.com\u00bb _builder_version=\u00bb4.16&#8243; _unique_id=\u00bba8a01db8-baa8-447e-8b91-5bfd96b92f30&#8243; form_field_font=\u00bb||||||||\u00bb custom_button=\u00bbon\u00bb button_font=\u00bbTrebuchet|600|||||||\u00bb button_use_icon=\u00bboff\u00bb z_index_tablet=\u00bb500&#8243; global_colors_info=\u00bb{}\u00bb][et_pb_contact_field field_id=\u00bbName\u00bb field_title=\u00bbNombre\u00bb _builder_version=\u00bb4.16&#8243; form_field_background_color=\u00bb#ffffff\u00bb form_field_text_color=\u00bb#a9882f\u00bb form_field_font=\u00bb|800|||||||\u00bb border_width_all=\u00bb2px\u00bb border_color_all=\u00bb#bcbcbc\u00bb field_background_color=\u00bb#ffffff\u00bb global_colors_info=\u00bb{}\u00bb][\/et_pb_contact_field][et_pb_contact_field field_id=\u00bbphone\u00bb field_title=\u00bbTel\u00e9fono\u00bb _builder_version=\u00bb4.16&#8243; form_field_text_color=\u00bb#a9882f\u00bb form_field_font=\u00bb|800|||||||\u00bb global_colors_info=\u00bb{}\u00bb][\/et_pb_contact_field][et_pb_contact_field field_id=\u00bbEmail\u00bb field_title=\u00bbCorreo \u00bb field_type=\u00bbemail\u00bb _builder_version=\u00bb4.16&#8243; form_field_text_color=\u00bb#a9882f\u00bb form_field_font=\u00bb|800|||||||\u00bb border_width_all=\u00bb2px\u00bb border_color_all=\u00bb#bcbcbc\u00bb global_colors_info=\u00bb{}\u00bb][\/et_pb_contact_field][et_pb_contact_field field_id=\u00bbSubject\u00bb field_title=\u00bbAsunto\u00bb _builder_version=\u00bb4.16&#8243; form_field_text_color=\u00bb#a9882f\u00bb form_field_font=\u00bb|800|||||||\u00bb border_width_all=\u00bb2px\u00bb border_color_all=\u00bb#bcbcbc\u00bb global_colors_info=\u00bb{}\u00bb][\/et_pb_contact_field][et_pb_contact_field field_id=\u00bbMessage\u00bb field_title=\u00bbPedido\u00bb field_type=\u00bbtext\u00bb fullwidth_field=\u00bbon\u00bb _builder_version=\u00bb4.16&#8243; form_field_text_color=\u00bb#a9882f\u00bb form_field_font=\u00bb|800|||||||\u00bb form_field_line_height=\u00bb1.7em\u00bb border_width_all=\u00bb2px\u00bb border_color_all=\u00bb#bcbcbc\u00bb global_colors_info=\u00bb{}\u00bb][\/et_pb_contact_field][\/et_pb_contact_form][\/et_pb_column][\/et_pb_row][\/et_pb_section]<\/p>\n","protected":false},"excerpt":{"rendered":"<p>Planificaci\u00f3n y organizaci\u00f3n de bodas\u00a0 El matrimonio es una promesa para toda la vida. El d\u00eda de la boda es uno de los d\u00edas m\u00e1s importantes de nuestra vida, por lo que su planificaci\u00f3n es un asunto muy cr\u00edtico. La mayor\u00eda de las parejas que se casan en Ibiza y Formentera provienen de la \u00abpen\u00ednsula\u00bb [&hellip;]<\/p>\n","protected":false},"author":1,"featured_media":0,"parent":0,"menu_order":0,"comment_status":"closed","ping_status":"closed","template":"","meta":{"_et_pb_use_builder":"on","_et_pb_old_content":"","_et_gb_content_width":"","footnotes":""},"class_list":["post-6790","page","type-page","status-publish","hentry"],"yoast_head":"<!-- This site is optimized with the Yoast SEO Premium plugin v27.1 (Yoast SEO v27.4) - https:\/\/yoast.com\/product\/yoast-seo-premium-wordpress\/ -->\n<title>Servicios de Bodas en Ibiza - Qu\u00e9 hacer para casarse en Ibiza o Formentera<\/title>\n<meta name=\"description\" content=\"Podemos proporcionar todos los servicios para una boda en Ibiza y Formentera. Empecemos a planificar el lugar de la ceremonia y la recepci\u00f3n de la boda.\" \/>\n<meta name=\"robots\" content=\"index, follow, max-snippet:-1, max-image-preview:large, max-video-preview:-1\" \/>\n<link rel=\"canonical\" href=\"https:\/\/www.ibizaforwedding.com\/es\/servicios-de-bodas-en-ibiza-2\/\" \/>\n<meta property=\"og:locale\" content=\"es_ES\" \/>\n<meta property=\"og:type\" content=\"article\" \/>\n<meta property=\"og:title\" content=\"Servicios de bodas en Ibiza\" \/>\n<meta property=\"og:description\" content=\"Podemos proporcionar todos los servicios para una boda en Ibiza y Formentera. Empecemos a planificar el lugar de la ceremonia y la recepci\u00f3n de la boda.\" \/>\n<meta property=\"og:url\" content=\"https:\/\/www.ibizaforwedding.com\/es\/servicios-de-bodas-en-ibiza-2\/\" \/>\n<meta property=\"og:site_name\" content=\"Ibiza for wedding\" \/>\n<meta property=\"article:modified_time\" content=\"2025-02-18T00:15:34+00:00\" \/>\n<meta name=\"twitter:card\" content=\"summary_large_image\" \/>\n<meta name=\"twitter:label1\" content=\"Tiempo de lectura\" \/>\n\t<meta name=\"twitter:data1\" content=\"8 minutos\" \/>\n<script type=\"application\/ld+json\" class=\"yoast-schema-graph\">{\"@context\":\"https:\\\/\\\/schema.org\",\"@graph\":[{\"@type\":\"WebPage\",\"@id\":\"https:\\\/\\\/www.ibizaforwedding.com\\\/es\\\/servicios-de-bodas-en-ibiza-2\\\/\",\"url\":\"https:\\\/\\\/www.ibizaforwedding.com\\\/es\\\/servicios-de-bodas-en-ibiza-2\\\/\",\"name\":\"Servicios de Bodas en Ibiza - Qu\u00e9 hacer para casarse en Ibiza o Formentera\",\"isPartOf\":{\"@id\":\"https:\\\/\\\/www.ibizaforwedding.com\\\/es\\\/#website\"},\"datePublished\":\"2025-02-17T12:29:51+00:00\",\"dateModified\":\"2025-02-18T00:15:34+00:00\",\"description\":\"Podemos proporcionar todos los servicios para una boda en Ibiza y Formentera. Empecemos a planificar el lugar de la ceremonia y la recepci\u00f3n de la boda.\",\"breadcrumb\":{\"@id\":\"https:\\\/\\\/www.ibizaforwedding.com\\\/es\\\/servicios-de-bodas-en-ibiza-2\\\/#breadcrumb\"},\"inLanguage\":\"es\",\"potentialAction\":[{\"@type\":\"ReadAction\",\"target\":[\"https:\\\/\\\/www.ibizaforwedding.com\\\/es\\\/servicios-de-bodas-en-ibiza-2\\\/\"]}]},{\"@type\":\"BreadcrumbList\",\"@id\":\"https:\\\/\\\/www.ibizaforwedding.com\\\/es\\\/servicios-de-bodas-en-ibiza-2\\\/#breadcrumb\",\"itemListElement\":[{\"@type\":\"ListItem\",\"position\":1,\"name\":\"Home\",\"item\":\"https:\\\/\\\/www.ibizaforwedding.com\\\/es\\\/\"},{\"@type\":\"ListItem\",\"position\":2,\"name\":\"Servicios de bodas en Ibiza\"}]},{\"@type\":\"WebSite\",\"@id\":\"https:\\\/\\\/www.ibizaforwedding.com\\\/es\\\/#website\",\"url\":\"https:\\\/\\\/www.ibizaforwedding.com\\\/es\\\/\",\"name\":\"Ibiza for wedding\",\"description\":\"Weddings in Ibiza and Formentera\",\"publisher\":{\"@id\":\"https:\\\/\\\/www.ibizaforwedding.com\\\/es\\\/#organization\"},\"potentialAction\":[{\"@type\":\"SearchAction\",\"target\":{\"@type\":\"EntryPoint\",\"urlTemplate\":\"https:\\\/\\\/www.ibizaforwedding.com\\\/es\\\/?s={search_term_string}\"},\"query-input\":{\"@type\":\"PropertyValueSpecification\",\"valueRequired\":true,\"valueName\":\"search_term_string\"}}],\"inLanguage\":\"es\"},{\"@type\":\"Organization\",\"@id\":\"https:\\\/\\\/www.ibizaforwedding.com\\\/es\\\/#organization\",\"name\":\"ibiza for wedding\",\"url\":\"https:\\\/\\\/www.ibizaforwedding.com\\\/es\\\/\",\"logo\":{\"@type\":\"ImageObject\",\"inLanguage\":\"es\",\"@id\":\"https:\\\/\\\/www.ibizaforwedding.com\\\/es\\\/#\\\/schema\\\/logo\\\/image\\\/\",\"url\":\"https:\\\/\\\/www.ibizaforwedding.com\\\/wp-content\\\/uploads\\\/2018\\\/03\\\/ibiza-for-wedding-logo.jpg\",\"contentUrl\":\"https:\\\/\\\/www.ibizaforwedding.com\\\/wp-content\\\/uploads\\\/2018\\\/03\\\/ibiza-for-wedding-logo.jpg\",\"width\":282,\"height\":50,\"caption\":\"ibiza for wedding\"},\"image\":{\"@id\":\"https:\\\/\\\/www.ibizaforwedding.com\\\/es\\\/#\\\/schema\\\/logo\\\/image\\\/\"},\"sameAs\":[\"https:\\\/\\\/www.instagram.com\\\/ibizaforwedding\\\/\"]}]}<\/script>\n<!-- \/ Yoast SEO Premium plugin. -->","yoast_head_json":{"title":"Servicios de Bodas en Ibiza - Qu\u00e9 hacer para casarse en Ibiza o Formentera","description":"Podemos proporcionar todos los servicios para una boda en Ibiza y Formentera. Empecemos a planificar el lugar de la ceremonia y la recepci\u00f3n de la boda.","robots":{"index":"index","follow":"follow","max-snippet":"max-snippet:-1","max-image-preview":"max-image-preview:large","max-video-preview":"max-video-preview:-1"},"canonical":"https:\/\/www.ibizaforwedding.com\/es\/servicios-de-bodas-en-ibiza-2\/","og_locale":"es_ES","og_type":"article","og_title":"Servicios de bodas en Ibiza","og_description":"Podemos proporcionar todos los servicios para una boda en Ibiza y Formentera. Empecemos a planificar el lugar de la ceremonia y la recepci\u00f3n de la boda.","og_url":"https:\/\/www.ibizaforwedding.com\/es\/servicios-de-bodas-en-ibiza-2\/","og_site_name":"Ibiza for wedding","article_modified_time":"2025-02-18T00:15:34+00:00","twitter_card":"summary_large_image","twitter_misc":{"Tiempo de lectura":"8 minutos"},"schema":{"@context":"https:\/\/schema.org","@graph":[{"@type":"WebPage","@id":"https:\/\/www.ibizaforwedding.com\/es\/servicios-de-bodas-en-ibiza-2\/","url":"https:\/\/www.ibizaforwedding.com\/es\/servicios-de-bodas-en-ibiza-2\/","name":"Servicios de Bodas en Ibiza - Qu\u00e9 hacer para casarse en Ibiza o Formentera","isPartOf":{"@id":"https:\/\/www.ibizaforwedding.com\/es\/#website"},"datePublished":"2025-02-17T12:29:51+00:00","dateModified":"2025-02-18T00:15:34+00:00","description":"Podemos proporcionar todos los servicios para una boda en Ibiza y Formentera. Empecemos a planificar el lugar de la ceremonia y la recepci\u00f3n de la boda.","breadcrumb":{"@id":"https:\/\/www.ibizaforwedding.com\/es\/servicios-de-bodas-en-ibiza-2\/#breadcrumb"},"inLanguage":"es","potentialAction":[{"@type":"ReadAction","target":["https:\/\/www.ibizaforwedding.com\/es\/servicios-de-bodas-en-ibiza-2\/"]}]},{"@type":"BreadcrumbList","@id":"https:\/\/www.ibizaforwedding.com\/es\/servicios-de-bodas-en-ibiza-2\/#breadcrumb","itemListElement":[{"@type":"ListItem","position":1,"name":"Home","item":"https:\/\/www.ibizaforwedding.com\/es\/"},{"@type":"ListItem","position":2,"name":"Servicios de bodas en Ibiza"}]},{"@type":"WebSite","@id":"https:\/\/www.ibizaforwedding.com\/es\/#website","url":"https:\/\/www.ibizaforwedding.com\/es\/","name":"Ibiza for wedding","description":"Weddings in Ibiza and Formentera","publisher":{"@id":"https:\/\/www.ibizaforwedding.com\/es\/#organization"},"potentialAction":[{"@type":"SearchAction","target":{"@type":"EntryPoint","urlTemplate":"https:\/\/www.ibizaforwedding.com\/es\/?s={search_term_string}"},"query-input":{"@type":"PropertyValueSpecification","valueRequired":true,"valueName":"search_term_string"}}],"inLanguage":"es"},{"@type":"Organization","@id":"https:\/\/www.ibizaforwedding.com\/es\/#organization","name":"ibiza for wedding","url":"https:\/\/www.ibizaforwedding.com\/es\/","logo":{"@type":"ImageObject","inLanguage":"es","@id":"https:\/\/www.ibizaforwedding.com\/es\/#\/schema\/logo\/image\/","url":"https:\/\/www.ibizaforwedding.com\/wp-content\/uploads\/2018\/03\/ibiza-for-wedding-logo.jpg","contentUrl":"https:\/\/www.ibizaforwedding.com\/wp-content\/uploads\/2018\/03\/ibiza-for-wedding-logo.jpg","width":282,"height":50,"caption":"ibiza for wedding"},"image":{"@id":"https:\/\/www.ibizaforwedding.com\/es\/#\/schema\/logo\/image\/"},"sameAs":["https:\/\/www.instagram.com\/ibizaforwedding\/"]}]}},"_links":{"self":[{"href":"https:\/\/www.ibizaforwedding.com\/es\/wp-json\/wp\/v2\/pages\/6790","targetHints":{"allow":["GET"]}}],"collection":[{"href":"https:\/\/www.ibizaforwedding.com\/es\/wp-json\/wp\/v2\/pages"}],"about":[{"href":"https:\/\/www.ibizaforwedding.com\/es\/wp-json\/wp\/v2\/types\/page"}],"author":[{"embeddable":true,"href":"https:\/\/www.ibizaforwedding.com\/es\/wp-json\/wp\/v2\/users\/1"}],"replies":[{"embeddable":true,"href":"https:\/\/www.ibizaforwedding.com\/es\/wp-json\/wp\/v2\/comments?post=6790"}],"version-history":[{"count":23,"href":"https:\/\/www.ibizaforwedding.com\/es\/wp-json\/wp\/v2\/pages\/6790\/revisions"}],"predecessor-version":[{"id":7062,"href":"https:\/\/www.ibizaforwedding.com\/es\/wp-json\/wp\/v2\/pages\/6790\/revisions\/7062"}],"wp:attachment":[{"href":"https:\/\/www.ibizaforwedding.com\/es\/wp-json\/wp\/v2\/media?parent=6790"}],"curies":[{"name":"wp","href":"https:\/\/api.w.org\/{rel}","templated":true}]}}