{"id":5967,"date":"2020-01-21T17:15:39","date_gmt":"2020-01-21T16:15:39","guid":{"rendered":"https:\/\/www.ibizaforwedding.com\/company\/"},"modified":"2025-03-07T13:19:52","modified_gmt":"2025-03-07T12:19:52","slug":"nuestra-empresa","status":"publish","type":"page","link":"https:\/\/www.ibizaforwedding.com\/es\/nuestra-empresa\/","title":{"rendered":"Sobre Nosotros"},"content":{"rendered":"<p>[et_pb_section fb_built=\u00bb1&#8243; specialty=\u00bbon\u00bb custom_padding_last_edited=\u00bbon|phone\u00bb padding_top_1=\u00bb0px\u00bb padding_top_2=\u00bb0px\u00bb padding_bottom_1=\u00bb0px\u00bb padding_bottom_2=\u00bb0px\u00bb _builder_version=\u00bb4.16&#8243; background_color=\u00bb#ffffff\u00bb custom_margin=\u00bb3%||0%|\u00bb custom_margin_tablet=\u00bb\u00bb custom_margin_phone=\u00bb0%||\u00bb custom_margin_last_edited=\u00bbon|desktop\u00bb custom_padding=\u00bb0px||0px||true\u00bb custom_padding_tablet=\u00bb100px|0px|100px|0px\u00bb custom_padding_phone=\u00bb0px|0px|0px|0px|false|false\u00bb z_index_tablet=\u00bb500&#8243; global_colors_info=\u00bb{}\u00bb][et_pb_column type=\u00bb1_2&#8243; specialty_columns=\u00bb3&#8243; _builder_version=\u00bb4.16&#8243; custom_padding=\u00bb|||\u00bb global_colors_info=\u00bb{}\u00bb custom_padding__hover=\u00bb|||\u00bb][et_pb_row_inner module_class=\u00bblovely_medium_shadow_background\u00bb _builder_version=\u00bb4.16&#8243; background_size=\u00bbinitial\u00bb background_position=\u00bbtop_left\u00bb background_repeat=\u00bbrepeat\u00bb custom_margin_tablet=\u00bb100px|||\u00bb custom_margin_phone=\u00bb\u00bb custom_margin_last_edited=\u00bbon|phone\u00bb custom_padding=\u00bb0|0px|0|0px|true|false\u00bb border_width_all=\u00bb3px\u00bb border_color_all=\u00bb#ffffff\u00bb border_style_all=\u00bbsolid\u00bb global_colors_info=\u00bb{}\u00bb button_text_size__hover_enabled=\u00bboff\u00bb button_text_size__hover=\u00bbnull\u00bb button_one_text_size__hover_enabled=\u00bboff\u00bb button_one_text_size__hover=\u00bbnull\u00bb button_two_text_size__hover_enabled=\u00bboff\u00bb button_two_text_size__hover=\u00bbnull\u00bb button_text_color__hover_enabled=\u00bbon\u00bb button_text_color__hover=\u00bb#ffffff\u00bb button_one_text_color__hover_enabled=\u00bboff\u00bb button_one_text_color__hover=\u00bbnull\u00bb button_two_text_color__hover_enabled=\u00bboff\u00bb button_two_text_color__hover=\u00bbnull\u00bb button_border_width__hover_enabled=\u00bboff\u00bb button_border_width__hover=\u00bbnull\u00bb button_one_border_width__hover_enabled=\u00bboff\u00bb button_one_border_width__hover=\u00bbnull\u00bb button_two_border_width__hover_enabled=\u00bboff\u00bb button_two_border_width__hover=\u00bbnull\u00bb button_border_color__hover_enabled=\u00bboff\u00bb button_border_color__hover=\u00bbnull\u00bb button_one_border_color__hover_enabled=\u00bboff\u00bb button_one_border_color__hover=\u00bbnull\u00bb button_two_border_color__hover_enabled=\u00bboff\u00bb button_two_border_color__hover=\u00bbnull\u00bb button_border_radius__hover_enabled=\u00bbon\u00bb button_border_radius__hover=\u00bb0&#8243; button_one_border_radius__hover_enabled=\u00bboff\u00bb button_one_border_radius__hover=\u00bbnull\u00bb button_two_border_radius__hover_enabled=\u00bboff\u00bb button_two_border_radius__hover=\u00bbnull\u00bb button_letter_spacing__hover_enabled=\u00bboff\u00bb button_letter_spacing__hover=\u00bbnull\u00bb button_one_letter_spacing__hover_enabled=\u00bboff\u00bb button_one_letter_spacing__hover=\u00bbnull\u00bb button_two_letter_spacing__hover_enabled=\u00bboff\u00bb button_two_letter_spacing__hover=\u00bbnull\u00bb button_bg_color__hover_enabled=\u00bbon\u00bb button_bg_color__hover=\u00bb#000000&#8243; button_one_bg_color__hover_enabled=\u00bboff\u00bb button_one_bg_color__hover=\u00bbnull\u00bb button_two_bg_color__hover_enabled=\u00bboff\u00bb button_two_bg_color__hover=\u00bbnull\u00bb][et_pb_column_inner saved_specialty_column_type=\u00bb1_2&#8243; _builder_version=\u00bb4.16&#8243; custom_padding=\u00bb|||\u00bb global_colors_info=\u00bb{}\u00bb custom_padding__hover=\u00bb|||\u00bb][et_pb_image src=\u00bbhttps:\/\/www.ibizaforwedding.com\/wp-content\/uploads\/2025\/02\/nuestra_empresa-web.jpg\u00bb title_text=\u00bbnuestra_empresa-web\u00bb align_tablet=\u00bbcenter\u00bb align_phone=\u00bbcenter\u00bb align_last_edited=\u00bbon|desktop\u00bb admin_label=\u00bbImage &#8211; 600 x 700 Pixels\u00bb _builder_version=\u00bb4.27.4&#8243; animation_style=\u00bbzoom\u00bb animation_intensity_zoom=\u00bb5%\u00bb z_index_tablet=\u00bb500&#8243; border_width_all=\u00bb24px\u00bb border_color_all=\u00bb#ffffff\u00bb box_shadow_style=\u00bbpreset3&#8243; box_shadow_vertical=\u00bb70px\u00bb box_shadow_blur=\u00bb80px\u00bb box_shadow_color=\u00bbrgba(85,85,85,0.17)\u00bb locked=\u00bboff\u00bb global_colors_info=\u00bb{}\u00bb]<br \/>\n[\/et_pb_image][\/et_pb_column_inner][\/et_pb_row_inner][\/et_pb_column][et_pb_column type=\u00bb1_2&#8243; _builder_version=\u00bb4.16&#8243; custom_padding=\u00bb|||\u00bb global_colors_info=\u00bb{}\u00bb custom_padding__hover=\u00bb|||\u00bb][et_pb_text admin_label=\u00bbWelcome &#8211; Text\u00bb _builder_version=\u00bb4.27.4&#8243; text_font=\u00bbCormorant Garamond||||||||\u00bb text_font_size=\u00bb16px\u00bb text_line_height=\u00bb1.8em\u00bb header_font=\u00bb|||on|||||\u00bb header_text_color=\u00bb#a9882f\u00bb header_2_font=\u00bb|700|||||||\u00bb header_2_font_size=\u00bb24px\u00bb header_3_font=\u00bbCottage||||||||\u00bb header_3_font_size=\u00bb45px\u00bb header_3_line_height=\u00bb1.5em\u00bb header_5_font=\u00bb|700||on|||||\u00bb header_5_text_color=\u00bb#a9882f\u00bb header_5_letter_spacing=\u00bb15px\u00bb header_5_line_height=\u00bb1.8em\u00bb max_width_tablet=\u00bb\u00bb max_width_phone=\u00bb\u00bb max_width_last_edited=\u00bbon|desktop\u00bb module_alignment=\u00bbright\u00bb custom_margin=\u00bb|||\u00bb custom_padding=\u00bb|||\u00bb z_index_tablet=\u00bb500&#8243; global_colors_info=\u00bb{}\u00bb]<\/p>\n<div>\n<h1 class=\" center\">Ibiza For Wedding<\/h1>\n<\/div>\n<p>[\/et_pb_text][et_pb_text admin_label=\u00bbText &#8211; Welcome \u00bb _builder_version=\u00bb4.27.4&#8243; text_font=\u00bbCormorant Garamond||||||||\u00bb text_font_size=\u00bb18px\u00bb text_line_height=\u00bb1.8em\u00bb header_3_line_height=\u00bb1.5em\u00bb header_5_font=\u00bb|700||on|||||\u00bb header_5_text_color=\u00bb#a9882f\u00bb header_5_letter_spacing=\u00bb15px\u00bb header_5_line_height=\u00bb1.8em\u00bb max_width_tablet=\u00bb\u00bb max_width_phone=\u00bb\u00bb max_width_last_edited=\u00bbon|desktop\u00bb module_alignment=\u00bbright\u00bb custom_padding=\u00bb|15px|38px|||\u00bb custom_padding_tablet=\u00bb|10px||\u00bb custom_padding_phone=\u00bb|5px||\u00bb custom_padding_last_edited=\u00bbon|desktop\u00bb header_3_font_size_last_edited=\u00bboff|phone\u00bb z_index_tablet=\u00bb500&#8243; global_colors_info=\u00bb{}\u00bb]<\/p>\n<h2><span style=\"color: #a9882f; font-size: 19pt;\">Bodas en Ibiza y Formentera<\/span><\/h2>\n<h3><span style=\"font-size: 16pt;\">Elige un wedding planner con experienca y vive el d\u00eda de tu boda de una manera inolvidable<\/span><\/h3>\n<div>\n<p style=\"text-align: justify;\">Nuestra empresa <em>Ibiza for Wedding<\/em><strong> \u00a0<\/strong>es una exitosa compa\u00f1\u00eda con m\u00e1s de 10 a\u00f1os de experiencia. Realizamos bodas en localizaciones exclusivas entre Italia y Espa\u00f1a. Nuestro equipo de profesionales se encuentran a su disposici\u00f3n para garantizar que el evento sea un \u00e9xito, incluyendo a su vez informaci\u00f3n legal tanto en boda civil como religiosa en Espa\u00f1a.<\/p>\n<p style=\"text-align: justify;\">\n<\/div>\n<p>[\/et_pb_text][\/et_pb_column][\/et_pb_section][et_pb_section fb_built=\u00bb1&#8243; _builder_version=\u00bb4.16&#8243; custom_margin=\u00bb0px||0px\u00bb custom_padding=\u00bb0px||0px\u00bb global_colors_info=\u00bb{}\u00bb][et_pb_row _builder_version=\u00bb4.16&#8243; custom_margin=\u00bb0px||\u00bb custom_padding=\u00bb0px||\u00bb global_colors_info=\u00bb{}\u00bb][et_pb_column type=\u00bb4_4&#8243; _builder_version=\u00bb4.16&#8243; custom_padding=\u00bb0px|||\u00bb global_colors_info=\u00bb{}\u00bb custom_padding__hover=\u00bb|||\u00bb][et_pb_text admin_label=\u00bbText &#8211; Welcome \u00bb _builder_version=\u00bb4.27.4&#8243; text_font=\u00bbCormorant Garamond||||||||\u00bb text_font_size=\u00bb18px\u00bb text_line_height=\u00bb1.8em\u00bb header_3_line_height=\u00bb1.5em\u00bb header_5_font=\u00bb|700||on|||||\u00bb header_5_text_color=\u00bb#a9882f\u00bb header_5_letter_spacing=\u00bb15px\u00bb header_5_line_height=\u00bb1.8em\u00bb max_width_tablet=\u00bb\u00bb max_width_phone=\u00bb\u00bb max_width_last_edited=\u00bbon|desktop\u00bb module_alignment=\u00bbright\u00bb custom_padding=\u00bb1px|15px||||\u00bb custom_padding_tablet=\u00bb|10px||\u00bb custom_padding_phone=\u00bb|5px||\u00bb custom_padding_last_edited=\u00bbon|desktop\u00bb hover_enabled=\u00bb0&#8243; header_3_font_size_last_edited=\u00bboff|phone\u00bb z_index_tablet=\u00bb500&#8243; global_colors_info=\u00bb{}\u00bb sticky_enabled=\u00bb0&#8243;]<\/p>\n<div>\n<div>\n<p style=\"text-align: justify;\"><strong>Las islas Pitiusas (Ibiza y Formentera)<\/strong> son el entorno ideal con <a href=\"https:\/\/www.ibizaforwedding.com\/es\/lugares-bodas-ibiza-2\/\"> lugares <\/a>maravillosos para <strong>celebrar una boda!<\/strong><br \/>Organizaci\u00f3n impecable; bodas sencilla en la playa o con vista al mar; eventos de lujo y villas originales. Nuestra empresa ofrece un servicio exclusivo basado en sus experiencia en las Islas Baleares. Les ofrecemos la mejor localizaci\u00f3n para su boda, as\u00ed como todos los servicios que envuelven este evento tan especial. En definitiva hacemos que su boda sea una grata experiencia, ocup\u00e1ndonos de todos los detalles minuciosos que se encuentran por detr\u00e1s de un gran evento.<\/p>\n<\/div>\n<\/div>\n<div>\u00a0<\/div>\n<h3>Porqu\u00e9 utilizar un organizador de bodas<\/h3>\n<div>\n<div>\n<p style=\"text-align: justify;\">Se necesita mucho tiempo y trabajo para <strong>planear<\/strong> y <strong>organizar<\/strong> una <strong>boda<\/strong>. <strong>Casarse en Ibiza<\/strong>, asi como en otro lugar, necesita centrarse en muchas cosas. Un <strong>planificador de boda<\/strong> es alguien que conoce el territorio de<strong> Ibiza y Formentera<\/strong>, tiene relaciones con todos los provedores, sabe c\u00f3mo conseguir los mejores precios y c\u00f3mo asegurarse de que cada detalle se conforma a sus peticiones de la boda.<\/p>\n<\/div>\n<\/div>\n<p>[\/et_pb_text][et_pb_divider _builder_version=\u00bb4.16&#8243; custom_margin=\u00bb0px||0px|\u00bb custom_padding=\u00bb0px|0px|0px|0px\u00bb z_index_tablet=\u00bb500&#8243; global_colors_info=\u00bb{}\u00bb][\/et_pb_divider][et_pb_text admin_label=\u00bbWelcome &#8211; Text\u00bb _builder_version=\u00bb4.27.4&#8243; text_font=\u00bbCormorant Garamond||||||||\u00bb text_font_size=\u00bb16px\u00bb text_line_height=\u00bb1.8em\u00bb header_font=\u00bb|||on|||||\u00bb header_text_color=\u00bb#a9882f\u00bb header_2_font=\u00bb|700|||||||\u00bb header_2_font_size=\u00bb24px\u00bb header_3_font=\u00bbCottage||||||||\u00bb header_3_font_size=\u00bb45px\u00bb header_3_line_height=\u00bb1.5em\u00bb header_5_font=\u00bb|700||on|||||\u00bb header_5_text_color=\u00bb#a9882f\u00bb header_5_letter_spacing=\u00bb15px\u00bb header_5_line_height=\u00bb1.8em\u00bb max_width_tablet=\u00bb\u00bb max_width_phone=\u00bb\u00bb max_width_last_edited=\u00bbon|desktop\u00bb module_alignment=\u00bbright\u00bb z_index_tablet=\u00bb500&#8243; global_colors_info=\u00bb{}\u00bb]<\/p>\n<p><em>Solicite m\u00e1s informaci\u00f3n sobre nuestros servicios. Comience a imaginar momentos maravillosos pasados \u200b\u200bcon su ser querido y su familia en una villa o restaurante para bodas en Ibiza y Formentera!<\/em><\/p>\n<p>[\/et_pb_text][\/et_pb_column][\/et_pb_row][\/et_pb_section][et_pb_section fb_built=\u00bb1&#8243; _builder_version=\u00bb4.16&#8243; background_color=\u00bb#294453&#8243; custom_margin=\u00bb0px||0px|\u00bb custom_padding=\u00bb0px|0px|0px|0px\u00bb z_index_tablet=\u00bb500&#8243; global_colors_info=\u00bb{}\u00bb][et_pb_row column_structure=\u00bb1_3,2_3&#8243; _builder_version=\u00bb4.16&#8243; global_colors_info=\u00bb{}\u00bb][et_pb_column type=\u00bb1_3&#8243; _builder_version=\u00bb4.16&#8243; custom_padding=\u00bb|||\u00bb global_colors_info=\u00bb{}\u00bb custom_padding__hover=\u00bb|||\u00bb][et_pb_text _builder_version=\u00bb4.16&#8243; text_font=\u00bb||||||||\u00bb text_text_color=\u00bb#ffffff\u00bb header_font=\u00bb||||||||\u00bb header_4_font=\u00bb||||||||\u00bb header_4_text_color=\u00bb#ffffff\u00bb z_index_tablet=\u00bb500&#8243; global_colors_info=\u00bb{}\u00bb]<\/p>\n<h5><strong>Cont\u00e1ctenos<\/strong><\/h5>\n<p><strong><a href=\"tel:+34698535503\">+34698535503 <\/a><\/strong><strong style=\"font-size: 15px;\">o puede rellenar el formulario<\/strong><\/p>\n<p style=\"text-align: justify;\"><span><\/span><\/p>\n<p>[\/et_pb_text][\/et_pb_column][et_pb_column type=\u00bb2_3&#8243; _builder_version=\u00bb4.16&#8243; custom_padding=\u00bb|||\u00bb global_colors_info=\u00bb{}\u00bb custom_padding__hover=\u00bb|||\u00bb][et_pb_contact_form captcha=\u00bboff\u00bb email=\u00bbinfo@ibizaforwedding.com\u00bb _builder_version=\u00bb4.16&#8243; _unique_id=\u00bb1a75bf44-7a83-4da7-ae0c-6fd2d448995d\u00bb form_field_font=\u00bb||||||||\u00bb custom_button=\u00bbon\u00bb button_font=\u00bbTrebuchet|600|||||||\u00bb button_use_icon=\u00bboff\u00bb z_index_tablet=\u00bb500&#8243; global_colors_info=\u00bb{}\u00bb][et_pb_contact_field field_id=\u00bbName\u00bb field_title=\u00bbNombre\u00bb _builder_version=\u00bb4.16&#8243; form_field_background_color=\u00bb#ffffff\u00bb form_field_text_color=\u00bb#a9882f\u00bb form_field_font=\u00bb|800|||||||\u00bb border_width_all=\u00bb2px\u00bb border_color_all=\u00bb#bcbcbc\u00bb field_background_color=\u00bb#ffffff\u00bb global_colors_info=\u00bb{}\u00bb][\/et_pb_contact_field][et_pb_contact_field field_id=\u00bbphone\u00bb field_title=\u00bbApellido\u00bb _builder_version=\u00bb4.16&#8243; form_field_text_color=\u00bb#a9882f\u00bb form_field_font=\u00bb|800|||||||\u00bb global_colors_info=\u00bb{}\u00bb][\/et_pb_contact_field][et_pb_contact_field field_id=\u00bbEmail\u00bb field_title=\u00bbCorreo eletr.\u00bb field_type=\u00bbemail\u00bb _builder_version=\u00bb4.16&#8243; form_field_text_color=\u00bb#a9882f\u00bb form_field_font=\u00bb|800|||||||\u00bb border_width_all=\u00bb2px\u00bb border_color_all=\u00bb#bcbcbc\u00bb global_colors_info=\u00bb{}\u00bb][\/et_pb_contact_field][et_pb_contact_field field_id=\u00bbSubject\u00bb field_title=\u00bbSubject\u00bb _builder_version=\u00bb4.16&#8243; form_field_text_color=\u00bb#a9882f\u00bb form_field_font=\u00bb|800|||||||\u00bb border_width_all=\u00bb2px\u00bb border_color_all=\u00bb#bcbcbc\u00bb global_colors_info=\u00bb{}\u00bb][\/et_pb_contact_field][et_pb_contact_field field_id=\u00bbMessage\u00bb field_title=\u00bbDetailed Request\u00bb field_type=\u00bbtext\u00bb fullwidth_field=\u00bbon\u00bb _builder_version=\u00bb4.16&#8243; form_field_text_color=\u00bb#a9882f\u00bb form_field_font=\u00bb|800|||||||\u00bb form_field_line_height=\u00bb1.7em\u00bb border_width_all=\u00bb2px\u00bb border_color_all=\u00bb#bcbcbc\u00bb global_colors_info=\u00bb{}\u00bb][\/et_pb_contact_field][\/et_pb_contact_form][\/et_pb_column][\/et_pb_row][\/et_pb_section]<\/p>\n","protected":false},"excerpt":{"rendered":"<p>Ibiza For WeddingBodas en Ibiza y Formentera Elige un wedding planner con experienca y vive el d\u00eda de tu boda de una manera inolvidable Nuestra empresa Ibiza for Wedding \u00a0es una exitosa compa\u00f1\u00eda con m\u00e1s de 10 a\u00f1os de experiencia. Realizamos bodas en localizaciones exclusivas entre Italia y Espa\u00f1a. Nuestro equipo de profesionales se encuentran [&hellip;]<\/p>\n","protected":false},"author":3,"featured_media":0,"parent":0,"menu_order":0,"comment_status":"closed","ping_status":"closed","template":"","meta":{"_et_pb_use_builder":"on","_et_pb_old_content":"","_et_gb_content_width":"","footnotes":""},"class_list":["post-5967","page","type-page","status-publish","hentry"],"yoast_head":"<!-- This site is optimized with the Yoast SEO Premium plugin v27.1 (Yoast SEO v27.4) - https:\/\/yoast.com\/product\/yoast-seo-premium-wordpress\/ -->\n<title>Nuestra empresa | Un equipo para tu Boda en Ibiza y Formentera<\/title>\n<meta name=\"description\" content=\"Nuestra empresa con amplia experiencia en el sector eventos y bodas. Colaboramos con los proveedores mas profesionales de Ibiza y Formentera\" \/>\n<meta name=\"robots\" content=\"index, follow, max-snippet:-1, max-image-preview:large, max-video-preview:-1\" \/>\n<link rel=\"canonical\" href=\"https:\/\/www.ibizaforwedding.com\/es\/nuestra-empresa\/\" \/>\n<meta property=\"og:locale\" content=\"es_ES\" \/>\n<meta property=\"og:type\" content=\"article\" \/>\n<meta property=\"og:title\" content=\"Sobre Nosotros\" \/>\n<meta property=\"og:description\" content=\"Nuestra empresa con amplia experiencia en el sector eventos y bodas. Colaboramos con los proveedores mas profesionales de Ibiza y Formentera\" \/>\n<meta property=\"og:url\" content=\"https:\/\/www.ibizaforwedding.com\/es\/nuestra-empresa\/\" \/>\n<meta property=\"og:site_name\" content=\"Ibiza for wedding\" \/>\n<meta property=\"article:modified_time\" content=\"2025-03-07T12:19:52+00:00\" \/>\n<meta name=\"twitter:card\" content=\"summary_large_image\" \/>\n<meta name=\"twitter:label1\" content=\"Tiempo de lectura\" \/>\n\t<meta name=\"twitter:data1\" content=\"2 minutos\" \/>\n<script type=\"application\/ld+json\" class=\"yoast-schema-graph\">{\"@context\":\"https:\\\/\\\/schema.org\",\"@graph\":[{\"@type\":\"WebPage\",\"@id\":\"https:\\\/\\\/www.ibizaforwedding.com\\\/es\\\/nuestra-empresa\\\/\",\"url\":\"https:\\\/\\\/www.ibizaforwedding.com\\\/es\\\/nuestra-empresa\\\/\",\"name\":\"Nuestra empresa | Un equipo para tu Boda en Ibiza y Formentera\",\"isPartOf\":{\"@id\":\"https:\\\/\\\/www.ibizaforwedding.com\\\/es\\\/#website\"},\"datePublished\":\"2020-01-21T16:15:39+00:00\",\"dateModified\":\"2025-03-07T12:19:52+00:00\",\"description\":\"Nuestra empresa con amplia experiencia en el sector eventos y bodas. Colaboramos con los proveedores mas profesionales de Ibiza y Formentera\",\"breadcrumb\":{\"@id\":\"https:\\\/\\\/www.ibizaforwedding.com\\\/es\\\/nuestra-empresa\\\/#breadcrumb\"},\"inLanguage\":\"es\",\"potentialAction\":[{\"@type\":\"ReadAction\",\"target\":[\"https:\\\/\\\/www.ibizaforwedding.com\\\/es\\\/nuestra-empresa\\\/\"]}]},{\"@type\":\"BreadcrumbList\",\"@id\":\"https:\\\/\\\/www.ibizaforwedding.com\\\/es\\\/nuestra-empresa\\\/#breadcrumb\",\"itemListElement\":[{\"@type\":\"ListItem\",\"position\":1,\"name\":\"Home\",\"item\":\"https:\\\/\\\/www.ibizaforwedding.com\\\/es\\\/\"},{\"@type\":\"ListItem\",\"position\":2,\"name\":\"Sobre Nosotros\"}]},{\"@type\":\"WebSite\",\"@id\":\"https:\\\/\\\/www.ibizaforwedding.com\\\/es\\\/#website\",\"url\":\"https:\\\/\\\/www.ibizaforwedding.com\\\/es\\\/\",\"name\":\"Ibiza for wedding\",\"description\":\"Weddings in Ibiza and Formentera\",\"publisher\":{\"@id\":\"https:\\\/\\\/www.ibizaforwedding.com\\\/es\\\/#organization\"},\"potentialAction\":[{\"@type\":\"SearchAction\",\"target\":{\"@type\":\"EntryPoint\",\"urlTemplate\":\"https:\\\/\\\/www.ibizaforwedding.com\\\/es\\\/?s={search_term_string}\"},\"query-input\":{\"@type\":\"PropertyValueSpecification\",\"valueRequired\":true,\"valueName\":\"search_term_string\"}}],\"inLanguage\":\"es\"},{\"@type\":\"Organization\",\"@id\":\"https:\\\/\\\/www.ibizaforwedding.com\\\/es\\\/#organization\",\"name\":\"ibiza for wedding\",\"url\":\"https:\\\/\\\/www.ibizaforwedding.com\\\/es\\\/\",\"logo\":{\"@type\":\"ImageObject\",\"inLanguage\":\"es\",\"@id\":\"https:\\\/\\\/www.ibizaforwedding.com\\\/es\\\/#\\\/schema\\\/logo\\\/image\\\/\",\"url\":\"https:\\\/\\\/www.ibizaforwedding.com\\\/wp-content\\\/uploads\\\/2018\\\/03\\\/ibiza-for-wedding-logo.jpg\",\"contentUrl\":\"https:\\\/\\\/www.ibizaforwedding.com\\\/wp-content\\\/uploads\\\/2018\\\/03\\\/ibiza-for-wedding-logo.jpg\",\"width\":282,\"height\":50,\"caption\":\"ibiza for wedding\"},\"image\":{\"@id\":\"https:\\\/\\\/www.ibizaforwedding.com\\\/es\\\/#\\\/schema\\\/logo\\\/image\\\/\"},\"sameAs\":[\"https:\\\/\\\/www.instagram.com\\\/ibizaforwedding\\\/\"]}]}<\/script>\n<!-- \/ Yoast SEO Premium plugin. -->","yoast_head_json":{"title":"Nuestra empresa | Un equipo para tu Boda en Ibiza y Formentera","description":"Nuestra empresa con amplia experiencia en el sector eventos y bodas. Colaboramos con los proveedores mas profesionales de Ibiza y Formentera","robots":{"index":"index","follow":"follow","max-snippet":"max-snippet:-1","max-image-preview":"max-image-preview:large","max-video-preview":"max-video-preview:-1"},"canonical":"https:\/\/www.ibizaforwedding.com\/es\/nuestra-empresa\/","og_locale":"es_ES","og_type":"article","og_title":"Sobre Nosotros","og_description":"Nuestra empresa con amplia experiencia en el sector eventos y bodas. Colaboramos con los proveedores mas profesionales de Ibiza y Formentera","og_url":"https:\/\/www.ibizaforwedding.com\/es\/nuestra-empresa\/","og_site_name":"Ibiza for wedding","article_modified_time":"2025-03-07T12:19:52+00:00","twitter_card":"summary_large_image","twitter_misc":{"Tiempo de lectura":"2 minutos"},"schema":{"@context":"https:\/\/schema.org","@graph":[{"@type":"WebPage","@id":"https:\/\/www.ibizaforwedding.com\/es\/nuestra-empresa\/","url":"https:\/\/www.ibizaforwedding.com\/es\/nuestra-empresa\/","name":"Nuestra empresa | Un equipo para tu Boda en Ibiza y Formentera","isPartOf":{"@id":"https:\/\/www.ibizaforwedding.com\/es\/#website"},"datePublished":"2020-01-21T16:15:39+00:00","dateModified":"2025-03-07T12:19:52+00:00","description":"Nuestra empresa con amplia experiencia en el sector eventos y bodas. Colaboramos con los proveedores mas profesionales de Ibiza y Formentera","breadcrumb":{"@id":"https:\/\/www.ibizaforwedding.com\/es\/nuestra-empresa\/#breadcrumb"},"inLanguage":"es","potentialAction":[{"@type":"ReadAction","target":["https:\/\/www.ibizaforwedding.com\/es\/nuestra-empresa\/"]}]},{"@type":"BreadcrumbList","@id":"https:\/\/www.ibizaforwedding.com\/es\/nuestra-empresa\/#breadcrumb","itemListElement":[{"@type":"ListItem","position":1,"name":"Home","item":"https:\/\/www.ibizaforwedding.com\/es\/"},{"@type":"ListItem","position":2,"name":"Sobre Nosotros"}]},{"@type":"WebSite","@id":"https:\/\/www.ibizaforwedding.com\/es\/#website","url":"https:\/\/www.ibizaforwedding.com\/es\/","name":"Ibiza for wedding","description":"Weddings in Ibiza and Formentera","publisher":{"@id":"https:\/\/www.ibizaforwedding.com\/es\/#organization"},"potentialAction":[{"@type":"SearchAction","target":{"@type":"EntryPoint","urlTemplate":"https:\/\/www.ibizaforwedding.com\/es\/?s={search_term_string}"},"query-input":{"@type":"PropertyValueSpecification","valueRequired":true,"valueName":"search_term_string"}}],"inLanguage":"es"},{"@type":"Organization","@id":"https:\/\/www.ibizaforwedding.com\/es\/#organization","name":"ibiza for wedding","url":"https:\/\/www.ibizaforwedding.com\/es\/","logo":{"@type":"ImageObject","inLanguage":"es","@id":"https:\/\/www.ibizaforwedding.com\/es\/#\/schema\/logo\/image\/","url":"https:\/\/www.ibizaforwedding.com\/wp-content\/uploads\/2018\/03\/ibiza-for-wedding-logo.jpg","contentUrl":"https:\/\/www.ibizaforwedding.com\/wp-content\/uploads\/2018\/03\/ibiza-for-wedding-logo.jpg","width":282,"height":50,"caption":"ibiza for wedding"},"image":{"@id":"https:\/\/www.ibizaforwedding.com\/es\/#\/schema\/logo\/image\/"},"sameAs":["https:\/\/www.instagram.com\/ibizaforwedding\/"]}]}},"_links":{"self":[{"href":"https:\/\/www.ibizaforwedding.com\/es\/wp-json\/wp\/v2\/pages\/5967","targetHints":{"allow":["GET"]}}],"collection":[{"href":"https:\/\/www.ibizaforwedding.com\/es\/wp-json\/wp\/v2\/pages"}],"about":[{"href":"https:\/\/www.ibizaforwedding.com\/es\/wp-json\/wp\/v2\/types\/page"}],"author":[{"embeddable":true,"href":"https:\/\/www.ibizaforwedding.com\/es\/wp-json\/wp\/v2\/users\/3"}],"replies":[{"embeddable":true,"href":"https:\/\/www.ibizaforwedding.com\/es\/wp-json\/wp\/v2\/comments?post=5967"}],"version-history":[{"count":23,"href":"https:\/\/www.ibizaforwedding.com\/es\/wp-json\/wp\/v2\/pages\/5967\/revisions"}],"predecessor-version":[{"id":7164,"href":"https:\/\/www.ibizaforwedding.com\/es\/wp-json\/wp\/v2\/pages\/5967\/revisions\/7164"}],"wp:attachment":[{"href":"https:\/\/www.ibizaforwedding.com\/es\/wp-json\/wp\/v2\/media?parent=5967"}],"curies":[{"name":"wp","href":"https:\/\/api.w.org\/{rel}","templated":true}]}}