{"id":2078,"date":"2018-02-15T09:58:54","date_gmt":"2018-02-15T08:58:54","guid":{"rendered":"https:\/\/www.ibizaforwedding.com\/?page_id=2078"},"modified":"2025-03-22T19:38:50","modified_gmt":"2025-03-22T18:38:50","slug":"fotografia-boda-ibiza","status":"publish","type":"page","link":"https:\/\/www.ibizaforwedding.com\/es\/fotografia-boda-ibiza\/","title":{"rendered":"Fotograf\u00eda boda Ibiza"},"content":{"rendered":"<p>[et_pb_section fb_built=\u00bb1&#8243; _builder_version=\u00bb4.27.4&#8243; _module_preset=\u00bbdefault\u00bb global_colors_info=\u00bb{}\u00bb][et_pb_row _builder_version=\u00bb4.27.4&#8243; _module_preset=\u00bbdefault\u00bb global_colors_info=\u00bb{}\u00bb][et_pb_column type=\u00bb4_4&#8243; _builder_version=\u00bb4.27.4&#8243; _module_preset=\u00bbdefault\u00bb global_colors_info=\u00bb{}\u00bb][et_pb_text _builder_version=\u00bb4.27.4&#8243; _module_preset=\u00bbdefault\u00bb global_colors_info=\u00bb{}\u00bb width=\u00bb93.7%\u00bb]<\/p>\n<h1>Su servicio de fotograf\u00eda de bodas en Ibiza\u00a0<\/h1>\n<h2>Un equipo profesional de fot\u00f3grafos de bodas en Ibiza y Formentera<\/h2>\n<p style=\"text-align: justify;\">\u00bfEst\u00e1s buscando un <strong>fot\u00f3grafo de bodas en Ibiza<\/strong>\u00a0para que tu evento sea inolvidable dentro de los maravillosos lugares de la isla? Le ofrecemos un servicio especial de<strong>\u00a0fotograf\u00eda de bodas en Ibiza<\/strong>, adaptado a sus necesidades espec\u00edficas para un fotolibro perfecto, lleno de las\u00a0<strong>emociones \u00fanicas<\/strong>\u00a0de su matrimonio, momentos rom\u00e1nticos y divertidos.<\/p>\n<p style=\"text-align: justify;\">Con nuestro equipo de organizadores de bodas puede organizar todos los detalles del evento, desde el\u00a0<a href=\"https:\/\/www.ibizaforwedding.com\/es\/banquete-boda-ibiza\/\" target=\"_blank\" rel=\"noopener\">catering<\/a>\u00a0 hasta la fiesta, desde la m\u00fasica y el dise\u00f1o floral hasta el alojamiento para usted y sus invitados, incluido un fot\u00f3grafo de bodas personal en Ibiza y Formentera a su disposici\u00f3n durante toda la ceremonia.<\/p>\n<p style=\"text-align: justify;\">P\u00f3ngase en contacto con nosotros y solicite m\u00e1s informaci\u00f3n sobre nuestro servicio de\u00a0<strong>fotograf\u00eda de bodas en Ibiza<\/strong>, la mejor manera de disfrutar de un evento que nunca olvidar\u00e1 ni usted ni su familia.<\/p>\n<div align=\"JUSTIFY\">\n<div align=\"JUSTIFY\">\u00a0<\/div>\n<div align=\"JUSTIFY\">Llama nos:\u00a0<strong><a href=\"tel:+34698535503\">+34698535503<\/a><\/strong>\u00a0o completa<strong><a href=\"https:\/\/www.ibizaforwedding.com\/es\/contactanos\/\"> el formulario&#8230;<\/a><\/strong><\/div>\n<\/div>\n<p>[\/et_pb_text][et_pb_image src=\u00bbhttps:\/\/www.ibizaforwedding.com\/wp-content\/uploads\/2020\/01\/photo-weddings-ibiza-formentera-photographer-01.jpg\u00bb title_text=\u00bbphoto-weddings-ibiza-formentera-photographer-01&#8243; _builder_version=\u00bb4.27.4&#8243; _module_preset=\u00bbdefault\u00bb hover_enabled=\u00bb0&#8243; global_colors_info=\u00bb{}\u00bb custom_margin=\u00bb||-13px|||\u00bb sticky_enabled=\u00bb0&#8243; custom_padding=\u00bb|0px||||\u00bb][\/et_pb_image][et_pb_image src=\u00bbhttps:\/\/www.ibizaforwedding.com\/wp-content\/uploads\/2020\/01\/photo-weddings-ibiza-photographer-02.jpg\u00bb title_text=\u00bbphoto-weddings-ibiza-photographer-02&#8243; _builder_version=\u00bb4.27.4&#8243; _module_preset=\u00bbdefault\u00bb global_colors_info=\u00bb{}\u00bb min_height=\u00bb419px\u00bb custom_margin=\u00bb17px|||||\u00bb][\/et_pb_image][\/et_pb_column][\/et_pb_row][\/et_pb_section]<\/p>\n","protected":false},"excerpt":{"rendered":"<p>Su servicio de fotograf\u00eda de bodas en Ibiza\u00a0 Un equipo profesional de fot\u00f3grafos de bodas en Ibiza y Formentera \u00bfEst\u00e1s buscando un fot\u00f3grafo de bodas en Ibiza\u00a0para que tu evento sea inolvidable dentro de los maravillosos lugares de la isla? Le ofrecemos un servicio especial de\u00a0fotograf\u00eda de bodas en Ibiza, adaptado a sus necesidades espec\u00edficas [&hellip;]<\/p>\n","protected":false},"author":1,"featured_media":0,"parent":0,"menu_order":0,"comment_status":"closed","ping_status":"closed","template":"","meta":{"_et_pb_use_builder":"on","_et_pb_old_content":"","_et_gb_content_width":"","footnotes":""},"class_list":["post-2078","page","type-page","status-publish","hentry"],"yoast_head":"<!-- This site is optimized with the Yoast SEO Premium plugin v27.1 (Yoast SEO v27.5) - https:\/\/yoast.com\/product\/yoast-seo-premium-wordpress\/ -->\n<title>Servicio de fotografia de bodas en Ibiza y Formentera<\/title>\n<meta name=\"description\" content=\"Servicio de fotograf\u00eda de bodas en Ibiza y Formentera. Un equipo profesional de fot\u00f3grafos de bodas en Ibiza, para que tu evento sea inolvidable dentro de los maravillosos lugares de la islas.\" \/>\n<meta name=\"robots\" content=\"index, follow, max-snippet:-1, max-image-preview:large, max-video-preview:-1\" \/>\n<link rel=\"canonical\" href=\"https:\/\/www.ibizaforwedding.com\/es\/fotografia-boda-ibiza\/\" \/>\n<meta property=\"og:locale\" content=\"es_ES\" \/>\n<meta property=\"og:type\" content=\"article\" \/>\n<meta property=\"og:title\" content=\"Fotograf\u00eda boda Ibiza\" \/>\n<meta property=\"og:description\" content=\"Servicio de fotograf\u00eda de bodas en Ibiza y Formentera. Un equipo profesional de fot\u00f3grafos de bodas en Ibiza, para que tu evento sea inolvidable dentro de los maravillosos lugares de la islas.\" \/>\n<meta property=\"og:url\" content=\"https:\/\/www.ibizaforwedding.com\/es\/fotografia-boda-ibiza\/\" \/>\n<meta property=\"og:site_name\" content=\"Ibiza for wedding\" \/>\n<meta property=\"article:modified_time\" content=\"2025-03-22T18:38:50+00:00\" \/>\n<meta name=\"twitter:card\" content=\"summary_large_image\" \/>\n<meta name=\"twitter:label1\" content=\"Tiempo de lectura\" \/>\n\t<meta name=\"twitter:data1\" content=\"2 minutos\" \/>\n<script type=\"application\/ld+json\" class=\"yoast-schema-graph\">{\"@context\":\"https:\\\/\\\/schema.org\",\"@graph\":[{\"@type\":\"WebPage\",\"@id\":\"https:\\\/\\\/www.ibizaforwedding.com\\\/es\\\/fotografia-boda-ibiza\\\/\",\"url\":\"https:\\\/\\\/www.ibizaforwedding.com\\\/es\\\/fotografia-boda-ibiza\\\/\",\"name\":\"Servicio de fotografia de bodas en Ibiza y Formentera\",\"isPartOf\":{\"@id\":\"https:\\\/\\\/www.ibizaforwedding.com\\\/es\\\/#website\"},\"datePublished\":\"2018-02-15T08:58:54+00:00\",\"dateModified\":\"2025-03-22T18:38:50+00:00\",\"description\":\"Servicio de fotograf\u00eda de bodas en Ibiza y Formentera. Un equipo profesional de fot\u00f3grafos de bodas en Ibiza, para que tu evento sea inolvidable dentro de los maravillosos lugares de la islas.\",\"breadcrumb\":{\"@id\":\"https:\\\/\\\/www.ibizaforwedding.com\\\/es\\\/fotografia-boda-ibiza\\\/#breadcrumb\"},\"inLanguage\":\"es\",\"potentialAction\":[{\"@type\":\"ReadAction\",\"target\":[\"https:\\\/\\\/www.ibizaforwedding.com\\\/es\\\/fotografia-boda-ibiza\\\/\"]}]},{\"@type\":\"BreadcrumbList\",\"@id\":\"https:\\\/\\\/www.ibizaforwedding.com\\\/es\\\/fotografia-boda-ibiza\\\/#breadcrumb\",\"itemListElement\":[{\"@type\":\"ListItem\",\"position\":1,\"name\":\"Home\",\"item\":\"https:\\\/\\\/www.ibizaforwedding.com\\\/es\\\/\"},{\"@type\":\"ListItem\",\"position\":2,\"name\":\"Fotograf\u00eda boda Ibiza\"}]},{\"@type\":\"WebSite\",\"@id\":\"https:\\\/\\\/www.ibizaforwedding.com\\\/es\\\/#website\",\"url\":\"https:\\\/\\\/www.ibizaforwedding.com\\\/es\\\/\",\"name\":\"Ibiza for wedding\",\"description\":\"Weddings in Ibiza and Formentera\",\"publisher\":{\"@id\":\"https:\\\/\\\/www.ibizaforwedding.com\\\/es\\\/#organization\"},\"potentialAction\":[{\"@type\":\"SearchAction\",\"target\":{\"@type\":\"EntryPoint\",\"urlTemplate\":\"https:\\\/\\\/www.ibizaforwedding.com\\\/es\\\/?s={search_term_string}\"},\"query-input\":{\"@type\":\"PropertyValueSpecification\",\"valueRequired\":true,\"valueName\":\"search_term_string\"}}],\"inLanguage\":\"es\"},{\"@type\":\"Organization\",\"@id\":\"https:\\\/\\\/www.ibizaforwedding.com\\\/es\\\/#organization\",\"name\":\"ibiza for wedding\",\"url\":\"https:\\\/\\\/www.ibizaforwedding.com\\\/es\\\/\",\"logo\":{\"@type\":\"ImageObject\",\"inLanguage\":\"es\",\"@id\":\"https:\\\/\\\/www.ibizaforwedding.com\\\/es\\\/#\\\/schema\\\/logo\\\/image\\\/\",\"url\":\"https:\\\/\\\/www.ibizaforwedding.com\\\/wp-content\\\/uploads\\\/2018\\\/03\\\/ibiza-for-wedding-logo.jpg\",\"contentUrl\":\"https:\\\/\\\/www.ibizaforwedding.com\\\/wp-content\\\/uploads\\\/2018\\\/03\\\/ibiza-for-wedding-logo.jpg\",\"width\":282,\"height\":50,\"caption\":\"ibiza for wedding\"},\"image\":{\"@id\":\"https:\\\/\\\/www.ibizaforwedding.com\\\/es\\\/#\\\/schema\\\/logo\\\/image\\\/\"},\"sameAs\":[\"https:\\\/\\\/www.instagram.com\\\/ibizaforwedding\\\/\"]}]}<\/script>\n<!-- \/ Yoast SEO Premium plugin. -->","yoast_head_json":{"title":"Servicio de fotografia de bodas en Ibiza y Formentera","description":"Servicio de fotograf\u00eda de bodas en Ibiza y Formentera. Un equipo profesional de fot\u00f3grafos de bodas en Ibiza, para que tu evento sea inolvidable dentro de los maravillosos lugares de la islas.","robots":{"index":"index","follow":"follow","max-snippet":"max-snippet:-1","max-image-preview":"max-image-preview:large","max-video-preview":"max-video-preview:-1"},"canonical":"https:\/\/www.ibizaforwedding.com\/es\/fotografia-boda-ibiza\/","og_locale":"es_ES","og_type":"article","og_title":"Fotograf\u00eda boda Ibiza","og_description":"Servicio de fotograf\u00eda de bodas en Ibiza y Formentera. Un equipo profesional de fot\u00f3grafos de bodas en Ibiza, para que tu evento sea inolvidable dentro de los maravillosos lugares de la islas.","og_url":"https:\/\/www.ibizaforwedding.com\/es\/fotografia-boda-ibiza\/","og_site_name":"Ibiza for wedding","article_modified_time":"2025-03-22T18:38:50+00:00","twitter_card":"summary_large_image","twitter_misc":{"Tiempo de lectura":"2 minutos"},"schema":{"@context":"https:\/\/schema.org","@graph":[{"@type":"WebPage","@id":"https:\/\/www.ibizaforwedding.com\/es\/fotografia-boda-ibiza\/","url":"https:\/\/www.ibizaforwedding.com\/es\/fotografia-boda-ibiza\/","name":"Servicio de fotografia de bodas en Ibiza y Formentera","isPartOf":{"@id":"https:\/\/www.ibizaforwedding.com\/es\/#website"},"datePublished":"2018-02-15T08:58:54+00:00","dateModified":"2025-03-22T18:38:50+00:00","description":"Servicio de fotograf\u00eda de bodas en Ibiza y Formentera. Un equipo profesional de fot\u00f3grafos de bodas en Ibiza, para que tu evento sea inolvidable dentro de los maravillosos lugares de la islas.","breadcrumb":{"@id":"https:\/\/www.ibizaforwedding.com\/es\/fotografia-boda-ibiza\/#breadcrumb"},"inLanguage":"es","potentialAction":[{"@type":"ReadAction","target":["https:\/\/www.ibizaforwedding.com\/es\/fotografia-boda-ibiza\/"]}]},{"@type":"BreadcrumbList","@id":"https:\/\/www.ibizaforwedding.com\/es\/fotografia-boda-ibiza\/#breadcrumb","itemListElement":[{"@type":"ListItem","position":1,"name":"Home","item":"https:\/\/www.ibizaforwedding.com\/es\/"},{"@type":"ListItem","position":2,"name":"Fotograf\u00eda boda Ibiza"}]},{"@type":"WebSite","@id":"https:\/\/www.ibizaforwedding.com\/es\/#website","url":"https:\/\/www.ibizaforwedding.com\/es\/","name":"Ibiza for wedding","description":"Weddings in Ibiza and Formentera","publisher":{"@id":"https:\/\/www.ibizaforwedding.com\/es\/#organization"},"potentialAction":[{"@type":"SearchAction","target":{"@type":"EntryPoint","urlTemplate":"https:\/\/www.ibizaforwedding.com\/es\/?s={search_term_string}"},"query-input":{"@type":"PropertyValueSpecification","valueRequired":true,"valueName":"search_term_string"}}],"inLanguage":"es"},{"@type":"Organization","@id":"https:\/\/www.ibizaforwedding.com\/es\/#organization","name":"ibiza for wedding","url":"https:\/\/www.ibizaforwedding.com\/es\/","logo":{"@type":"ImageObject","inLanguage":"es","@id":"https:\/\/www.ibizaforwedding.com\/es\/#\/schema\/logo\/image\/","url":"https:\/\/www.ibizaforwedding.com\/wp-content\/uploads\/2018\/03\/ibiza-for-wedding-logo.jpg","contentUrl":"https:\/\/www.ibizaforwedding.com\/wp-content\/uploads\/2018\/03\/ibiza-for-wedding-logo.jpg","width":282,"height":50,"caption":"ibiza for wedding"},"image":{"@id":"https:\/\/www.ibizaforwedding.com\/es\/#\/schema\/logo\/image\/"},"sameAs":["https:\/\/www.instagram.com\/ibizaforwedding\/"]}]}},"_links":{"self":[{"href":"https:\/\/www.ibizaforwedding.com\/es\/wp-json\/wp\/v2\/pages\/2078","targetHints":{"allow":["GET"]}}],"collection":[{"href":"https:\/\/www.ibizaforwedding.com\/es\/wp-json\/wp\/v2\/pages"}],"about":[{"href":"https:\/\/www.ibizaforwedding.com\/es\/wp-json\/wp\/v2\/types\/page"}],"author":[{"embeddable":true,"href":"https:\/\/www.ibizaforwedding.com\/es\/wp-json\/wp\/v2\/users\/1"}],"replies":[{"embeddable":true,"href":"https:\/\/www.ibizaforwedding.com\/es\/wp-json\/wp\/v2\/comments?post=2078"}],"version-history":[{"count":6,"href":"https:\/\/www.ibizaforwedding.com\/es\/wp-json\/wp\/v2\/pages\/2078\/revisions"}],"predecessor-version":[{"id":7929,"href":"https:\/\/www.ibizaforwedding.com\/es\/wp-json\/wp\/v2\/pages\/2078\/revisions\/7929"}],"wp:attachment":[{"href":"https:\/\/www.ibizaforwedding.com\/es\/wp-json\/wp\/v2\/media?parent=2078"}],"curies":[{"name":"wp","href":"https:\/\/api.w.org\/{rel}","templated":true}]}}